{"id":1814,"date":"2021-03-22T12:11:47","date_gmt":"2021-03-22T10:11:47","guid":{"rendered":"https:\/\/www.aquagrand.gr\/email-policy\/"},"modified":"2021-05-10T13:58:28","modified_gmt":"2021-05-10T11:58:28","slug":"email-policy","status":"publish","type":"page","link":"https:\/\/www.aquagrand.gr\/de\/email-policy\/","title":{"rendered":"Email Policy"},"content":{"rendered":"<p><strong>der MARITOUR S.A.<\/strong><\/p>\n<p>Hinweis an den E-Mail-Empf\u00e4nger<\/p>\n<p>Bitte lesen Sie das Folgende sorgf\u00e4ltig durch, da es die Allgemeinen Gesch\u00e4ftsbedingungen f\u00fcr alle elektronischen Mitteilungen enth\u00e4lt, die von MARITOUR S.A., seinen Tochtergesellschaften und verbundenen Unternehmen gesendet oder empfangen werden (sofern zutreffend).<\/p>\n<p>MARITOUR S.A. kann diese Allgemeinen Gesch\u00e4ftsbedingungen jederzeit ohne vorherige Ank\u00fcndigung \u00e4ndern. Sie sollten diese Webseite von Zeit zu Zeit \u00fcberpr\u00fcfen, um die aktuellen Gesch\u00e4ftsbedingungen zu \u00fcberpr\u00fcfen, da diese f\u00fcr Sie bindend sind.<\/p>\n<p>Der Inhalt von E-Mails und zugeh\u00f6rigen Mitteilungen und Anh\u00e4ngen, die von MARITOUR SA gesendet oder empfangen werden (zusammen \u201eE-Mail\u201c), ist urheberrechtlich gesch\u00fctzt, f\u00fcr MARITOUR SA vertraulich und kann Informationen enthalten, die nach geltendem Recht gesetzlich gesch\u00fctzt oder vor Offenlegung gesch\u00fctzt sind Zustimmung. Anh\u00e4nge, die Teil einer E-Mail sind, k\u00f6nnen zus\u00e4tzliche wichtige Angaben und Haftungsausschl\u00fcsse enthalten, die Sie lesen sollten.<\/p>\n<p>Alle E-Mails von MARITOUR S.A. d\u00fcrfen nur f\u00fcr den beabsichtigten Zweck und nur vom beabsichtigten Empf\u00e4nger gelesen und verwendet werden. Wenn Sie irrt\u00fcmlich eine E-Mail erhalten, wenden Sie sich bitte (i) umgehend per E-Mail an den Absender und (ii) l\u00f6schen Sie die erhaltene E-Mail dauerhaft.<\/p>\n<p>Keine Vertraulichkeit oder Privilegien werden durch eine falsche \u00dcbertragung aufgehoben oder gehen verloren.<\/p>\n<p>Das Drucken, Kopieren, Verteilen, Verwenden oder Speichern von oder das Ergreifen von Ma\u00dfnahmen auf der Grundlage der in einer E-Mail enthaltenen Informationen (einschlie\u00dflich des Vertrauens darauf) ist ausdr\u00fccklich untersagt (es sei denn, dies ist ausdr\u00fccklich in schriftlichen Vereinbarungen mit MARITOUR SA vorgesehen )Durch den Erhalt einer E-Mail werden keine Rechte an geistigem Eigentum von MARITOUR SA gew\u00e4hrt, und MARITOUR SA beh\u00e4lt sich alle diese Rechte vor.<\/p>\n<p>MARITOUR SA und seine Lizenzgeber behalten alle Rechte an geistigem Eigentum an allen von MARITOUR SA versendeten E-Mails. Sie erkl\u00e4ren sich damit einverstanden, die volle Verantwortung f\u00fcr die \u00dcberpr\u00fcfung von E-Mails auf Viren und anderen sch\u00e4dlichen Code zu \u00fcbernehmen, und MARITOUR SA ist nicht verantwortlich oder haftbar f\u00fcr solche Sch\u00e4den, die durch Viren oder sch\u00e4dlichen Code entstehen oder damit zusammenh\u00e4ngen, die in einer E-Mail enthalten oder in diese eingebettet sein k\u00f6nnen.<\/p>\n<p>MARITOUR S.A. beh\u00e4lt sich das Recht vor, alle \u00fcber seine Systeme gesendeten oder empfangenen E-Mails zu \u00fcberwachen.<\/p>\n<p>MARITOUR S.A. \u00fcbernimmt keine Garantie f\u00fcr die Richtigkeit oder Vollst\u00e4ndigkeit der in E-Mails enthaltenen Inhalte, Daten oder Informationen und lehnt hiermit jegliche Haftung jeglicher Art ab.<\/p>\n<p>Alle in einer E-Mail ge\u00e4u\u00dferten Meinungen sind die des Autors und spiegeln nicht unbedingt die Meinungen von MARITOUR S.A. wider.<\/p>\n<p>MARITOUR S.A. beh\u00e4lt sich das Recht vor, E-Mails, die \u00fcber seine Systeme gem\u00e4\u00df den Richtlinien von MARITOUR S.A. und den geltenden Gesetzen, Regeln und Vorschriften gesendet oder empfangen werden, zu archivieren, an die Aufsichtsbeh\u00f6rden zu \u00fcbermitteln und in Rechtsstreitigkeiten oder beh\u00f6rdlichen oder gerichtlichen Ermittlungen zu erstellen.<\/p>\n<p>Wenn Sie die in dieser Mitteilung enthaltenen Bedingungen nicht akzeptieren oder sich damit einverstanden erkl\u00e4ren, sollten Sie keine E-Mail verwenden, um mit MARITOUR S.A. zu kommunizieren.<\/p>\n","protected":false},"excerpt":{"rendered":"<p>der MARITOUR S.A. Hinweis an den E-Mail-Empf\u00e4nger Bitte lesen Sie das Folgende sorgf\u00e4ltig durch, da es die Allgemeinen Gesch\u00e4ftsbedingungen f\u00fcr alle elektronischen Mitteilungen enth\u00e4lt, die von MARITOUR S.A., seinen Tochtergesellschaften und verbundenen Unternehmen gesendet oder empfangen werden (sofern zutreffend). MARITOUR&hellip;<\/p>\n","protected":false},"author":1,"featured_media":0,"parent":0,"menu_order":0,"comment_status":"closed","ping_status":"closed","template":"kobo\/full.php","meta":{"_acf_changed":false,"footnotes":""},"class_list":["post-1814","page","type-page","status-publish","hentry","entry","no-media"],"acf":[],"aioseo_notices":[],"_links":{"self":[{"href":"https:\/\/www.aquagrand.gr\/de\/wp-json\/wp\/v2\/pages\/1814","targetHints":{"allow":["GET"]}}],"collection":[{"href":"https:\/\/www.aquagrand.gr\/de\/wp-json\/wp\/v2\/pages"}],"about":[{"href":"https:\/\/www.aquagrand.gr\/de\/wp-json\/wp\/v2\/types\/page"}],"author":[{"embeddable":true,"href":"https:\/\/www.aquagrand.gr\/de\/wp-json\/wp\/v2\/users\/1"}],"replies":[{"embeddable":true,"href":"https:\/\/www.aquagrand.gr\/de\/wp-json\/wp\/v2\/comments?post=1814"}],"version-history":[{"count":0,"href":"https:\/\/www.aquagrand.gr\/de\/wp-json\/wp\/v2\/pages\/1814\/revisions"}],"wp:attachment":[{"href":"https:\/\/www.aquagrand.gr\/de\/wp-json\/wp\/v2\/media?parent=1814"}],"curies":[{"name":"wp","href":"https:\/\/api.w.org\/{rel}","templated":true}]}}