{"id":1815,"date":"2021-03-22T12:11:20","date_gmt":"2021-03-22T10:11:20","guid":{"rendered":"https:\/\/www.aquagrand.gr\/cookie-policy\/"},"modified":"2021-05-10T14:00:13","modified_gmt":"2021-05-10T12:00:13","slug":"cookie-policy","status":"publish","type":"page","link":"https:\/\/www.aquagrand.gr\/de\/cookie-policy\/","title":{"rendered":"Cookie policy"},"content":{"rendered":"<div class=\"uk-container uk-container-center\">\n<div id=\"tm-main\" class=\"uk-grid uk-margin-large-top\" data-uk-grid-match=\"\" data-uk-grid-margin=\"\">\n<div class=\"tm-main uk-width-large-1-1 uk-flex-order-last uk-row-first\">\n<p>MARITOUR S.A. informiert hiermit die Benutzer der Websites https:\/\/aquagrand.gr, https:\/\/aquamarerodos.gr und www.mariette.gr (im Folgenden \u201eWebsites\u201c) \u00fcber die Verwendung von Cookies \u00fcber die Websites.<\/p>\n<p>Diese Richtlinie gilt nur f\u00fcr die Websites http:\/\/aquagrand.gr\/, http:\/\/aquamarerodos.gr\/ und www.mariette.gr und nicht f\u00fcr andere Websites, die der Benutzer m\u00f6glicherweise \u00fcber Links auf den Websites aufruft oder auf die er zugreift .<\/p>\n<p>Cookies sind Textdateien, die B\u00fcndel von Informationen enthalten, die bei jedem Online-Zugriff auf eine Website \u00fcber den Browser im Verzeichnis des Webbrowsers des Computers oder Mobilger\u00e4ts eines Benutzers (z. B. Notebook, Tablet, Smartphone usw.) gespeichert werden. Wenn diese Website sp\u00e4ter erneut besucht wird, sendet der Browser diese Cookies an die Website, von der sie stammen, oder an eine andere Website. Die Cookies erm\u00f6glichen es diesen Websites, einige Informationen zu speichern, damit die Person, die die Website besucht, diese schnell und einfach durchsuchen kann. Ein Cookie kann weder andere Daten von der Festplatte des Benutzers abrufen noch Computerviren \u00fcbertragen oder E-Mail-Adressen abrufen. Jedes Cookie ist f\u00fcr den Browser des Benutzers eindeutig.<\/p>\n<p>\u00c4hnliche Technologien, z. Web Beacons oder transparente GIFs k\u00f6nnen verwendet werden, um Informationen \u00fcber das Verhalten eines Benutzers und seine Nutzung der Dienste zu sammeln. In dieser Cookie-Richtlinie werden alle diese Technologien als &#8222;Cookies&#8220; bezeichnet.<\/p>\n<p>Es gibt verschiedene Arten von Cookies, von denen einige dazu dienen, die Website effizienter zu nutzen und das Surferlebnis des Benutzers zu verbessern, w\u00e4hrend andere bestimmte Funktionen ausf\u00fchren k\u00f6nnen.<\/p>\n<p>Weitere Informationen zu Cookies finden Sie auf den folgenden URL-Websites:<\/p>\n<p>http:\/\/www.allaboutcookies.org<\/p>\n<p>Wir werden keine Informationen \u00fcber Personen sammeln, es sei denn, diese werden ausdr\u00fccklich und wissentlich von ihnen bereitgestellt.<\/p>\n<p>Wenn Sie unsere Websites besuchen, sammelt unser Webserver einige grundlegende Informationen, z. B. den Domainnamen Ihres Internetdienstanbieters, welche Seiten Sie auf unserer Website aufgerufen haben und wann.<\/p>\n<p>Wir verwenden diese Informationen nur, um die Nutzung unserer Website zu analysieren und Verbesserungen zu unterst\u00fctzen. Wir sammeln keine personenbezogenen Daten.<\/p>\n<p><strong>Cookies<\/strong><\/p>\n<p><strong>Arten der verwendeten Cookies<\/strong><\/p>\n<p><strong>TECHNISCHE COOKIES<\/strong><\/p>\n<p>Technische Cookies werden verwendet, damit bestimmte Abschnitte der WEBSITES ordnungsgem\u00e4\u00df funktionieren. Die Website verwendet nur technische Cookies, die \u201eunbedingt erforderlich sind, um eine Kommunikation zu \u00fcbertragen oder einen bestimmten Dienst bereitzustellen, wie von einem Abonnenten oder Benutzer angefordert\u201c (Artikel 4 Absatz 5 des Gesetzes 3471\/2006).<\/p>\n<p>Sie k\u00f6nnen in Browser- und Sitzungscookies unterteilt werden, die sicherstellen, dass die Website ordnungsgem\u00e4\u00df funktioniert:<\/p>\n<p>Analyse-Cookies, bei denen es sich um technische Cookies handelt, wenn sie zum Messen und Analysieren der Gesamtzahl und des Verhaltens von Benutzern auf einer bestimmten Website verwendet werden.<\/p>\n<p>Funktionscookies, die es erm\u00f6glichen, die Website gem\u00e4\u00df verschiedenen vom Benutzer getroffenen Entscheidungen (z. B. Sprache usw.) anzupassen, um einen verbesserten Service bereitzustellen.<\/p>\n<p>F\u00fcr die Installation dieser Art von Cookies ist keine vorherige Zustimmung der Benutzer erforderlich, obwohl die Verpflichtung zur Bereitstellung von Informationen gem\u00e4\u00df Artikel 4 Abs. 1 weiterhin besteht. 5 des Gesetzes 3471\/2006.<\/p>\n<p>Die Erfassung und Verarbeitung von Daten, die durch die Verwendung technischer Cookies erhalten werden, ist erforderlich, damit die Website ordnungsgem\u00e4\u00df funktioniert. Wenn ein Benutzer der Verwendung dieser technischen Cookies widerspricht, kann er nicht ordnungsgem\u00e4\u00df auf die Website zugreifen und diese anzeigen.<\/p>\n<p>Hier ist eine Liste der von der Website verwendeten technischen und analytischen Cookies:<\/p>\n<article class=\"uk-article tm-article \">\n<div class=\"tm-article-container \">\n<div id=\"policy\">\n<p>&nbsp;<\/p>\n<table class=\"table-bordered\">\n<tbody>\n<tr>\n<td>Cookie<\/td>\n<td>Name<\/td>\n<td>Purpose<\/td>\n<td>Retention Period<\/td>\n<td>More information<\/td>\n<\/tr>\n<tr>\n<td>wordpress_logged_in<br \/>\n_[hash]<\/td>\n<td>wordpress_logged_in<br \/>\n_[hash]<\/td>\n<td>indicates when<br \/>\nyou\u2019re logged in, and<br \/>\nwho you are, for<br \/>\nmost interface use<\/td>\n<td>Session<\/td>\n<td>https:\/\/codex.wordpress.org\/WordPr<br \/>\ness_Cookies#WordPress_.3E_3.0<\/td>\n<\/tr>\n<tr>\n<td>wordpress_test_cookie<\/td>\n<td>wordpress_test_cookie<\/td>\n<td>This is a test cookie and does not contain any user identifiable information<\/td>\n<td>Session<\/td>\n<td><\/td>\n<\/tr>\n<tr>\n<td>wp-settings-[user_id]<\/td>\n<td>wp-settings-[user_id]<\/td>\n<td>The number on the end is your individual user ID from the user\u2019s database table. This is used to customize your view of admin interface, and possibly also the main site interface.<\/td>\n<td>1 year<\/td>\n<td>https:\/\/codex.wordpress.org\/WordPr<br \/>\ness_Cookies#WordPress_.3E_3.0<\/td>\n<\/tr>\n<tr>\n<td>wp-settings-time-[user_id]<\/td>\n<td>wp-settings-time-[user_id]<\/td>\n<td>The number on the end is your individual user ID from the user\u2019s database table. This is used to customize your view of admin interface, and possibly also the main site interface.<\/td>\n<td>1 year<\/td>\n<td>https:\/\/codex.wordpress.org\/WordPr<br \/>\ness_Cookies#WordPress_.3E_3.0<\/td>\n<\/tr>\n<tr>\n<td>wordpress_sec_[hash]<\/td>\n<td>wordpress_sec_[hash]<\/td>\n<td>This cookie is used to store your authentication details. Its use is limited to the admin console area, \/wp-admin\/<\/td>\n<td>Session<\/td>\n<td>https:\/\/codex.wordpress.org\/WordPr<br \/>\ness_Cookies#WordPress_.3E_3.0<\/td>\n<\/tr>\n<tr>\n<td>wp-postpass_[hash]<\/td>\n<td>wp-postpass_[hash]<\/td>\n<td>This cookie is used to grant access to password protected areas of the site such as https:\/\/www.mitsishotels.com\/technical-details\/<\/td>\n<td>10 days<\/td>\n<td><\/td>\n<\/tr>\n<\/tbody>\n<\/table>\n<p>&nbsp;<\/p>\n<p>Abgesehen von technischen Cookies lautet die allgemeine Regel f\u00fcr die Nutzung eines elektronischen Kommunikationsnetzes \u201eum Zugang zu Informationen zu erhalten, die in den Endger\u00e4ten eines Teilnehmers oder Benutzers gespeichert sind\u201c, dass der Benutzer zuvor eine Einverst\u00e4ndniserkl\u00e4rung abgeben muss, dh dass der Benutzer dies tun sollte Opt-In statt Opt-Out.<\/p>\n<p>Dies bedeutet, dass alle Cookies, die nicht zu Recht als &#8222;technisch&#8220; bezeichnet werden k\u00f6nnen und daher f\u00fcr den Schutz der Privatsph\u00e4re der Benutzer kritischer sind, z. Diejenigen, die zur Bereitstellung eines Benutzerprofils verwendet werden, d\u00fcrfen nicht auf den Terminals der Benutzer installiert werden, es sei denn, der Benutzer wurde im Voraus angemessen informiert und hat eine g\u00fcltige Einwilligung erteilt.<\/p>\n<p>Hier ist eine Liste der von dieser Website verwendeten Profil-Cookies:<\/p>\n<p>&nbsp;<\/p>\n<table class=\"table-bordered\">\n<tbody>\n<tr>\n<td>Cookie<\/td>\n<td>Name<\/td>\n<td>Purpose<\/td>\n<td>Retention Period<\/td>\n<td>More information<\/td>\n<\/tr>\n<tr>\n<td>_gat<\/td>\n<td>_gat<\/td>\n<td>This cookie does not store any user information, it\u2019s just used to limit the number of requests that have to be made to double click for publishers (dfp)<\/td>\n<td>1 minute<\/td>\n<td>https:\/\/developers.google.com\/an<br \/>\nalytics\/devguides\/collection\/analy<br \/>\nticsjs\/display-features<\/td>\n<\/tr>\n<tr>\n<td>_ga<\/td>\n<td>_ga<\/td>\n<td>In order for Google Analytics to determine that two distinct hits belong to the same user, a unique identifier, associated with that particular user, must be sent with each hit.<\/p>\n<p>&nbsp;<\/p>\n<p>The analytics.js library accomplishes this via the Client ID field, a unique, randomly generated string that gets stored in the browsers cookies, so subsequent visits to the same site can be associated with the same user.<\/p>\n<p>&nbsp;<\/p>\n<p>By default, analytics.js uses a single, first-party cookie named _ga to store the Client ID.<\/p>\n<p>&nbsp;<\/p>\n<p>Using cookies allows analytics.js to identify unique users across browsing sessions, but it cannot identify unique users across different browsers or devices.<\/td>\n<td>2 years<\/td>\n<td>https:\/\/developers.google.com\/an<br \/>\nalytics\/devguides\/collection\/analy<br \/>\nticsjs\/cookies-user-id<\/td>\n<\/tr>\n<tr>\n<td>_gid<\/td>\n<td>_gid<\/td>\n<td>These cookies store other randomly generated ids and campaign information about the user.<\/p>\n<p>&nbsp;<\/p>\n<p>Using cookies allows analytics.js to identify unique users across browsing sessions, but it cannot identify unique users across different browsers or devices.<\/td>\n<td>24 hours<\/td>\n<td>https:\/\/developers.google.com\/an<br \/>\nalytics\/devguides\/collection\/analy<br \/>\nticsjs\/cookies-user-id<\/td>\n<\/tr>\n<\/tbody>\n<\/table>\n<p>&nbsp;<\/p>\n<p><strong>DRITTANBIETER<\/strong><\/p>\n<p>Beim Surfen auf einer Website kann der Benutzer Cookies von Dritten erhalten.<\/p>\n<p>Cookies von Drittanbietern werden von einer anderen Website installiert als die, die der Benutzer durchsucht. Dies liegt daran, dass jede Website m\u00f6glicherweise Elemente (Bilder, Karten, Sounds, bestimmte Links zu Webseiten anderer Dom\u00e4nen usw.) enth\u00e4lt, die sich auf anderen Servern als dem der angezeigten Website befinden.<\/p>\n<p>Hier ist eine Liste der von den Websites verwendeten Cookies von Drittanbietern:<\/p>\n<p>&nbsp;<\/p>\n<table class=\"table-bordered\">\n<tbody>\n<tr>\n<td>Cookie<\/td>\n<td>Name<\/td>\n<td>Purpose<\/td>\n<td>Retention Period<\/td>\n<td>More information<\/td>\n<\/tr>\n<tr>\n<td>PREF<\/td>\n<td>PREF<\/td>\n<td>Used by Google for Google Maps preferences<\/td>\n<td>8 months<\/td>\n<td>https:\/\/www.google.com\/policies\/privacy\/<\/td>\n<\/tr>\n<tr>\n<td>VISITOR_INFO1_LIVE<\/td>\n<td>VISITOR_INFO1_LIVE<\/td>\n<td>Used by YouTube (Google) for storing user preferences and other unspecified purposes<\/td>\n<td>8 months<\/td>\n<td>https:\/\/www.google.com\/policies\/privacy\/<\/td>\n<\/tr>\n<tr>\n<td>YSC<\/td>\n<td>YSC<\/td>\n<td>Used by YouTube (Google) for storing user preferences and other unspecified purposes<\/td>\n<td>Session<\/td>\n<td>https:\/\/www.google.com\/policies\/privacy\/<\/td>\n<\/tr>\n<\/tbody>\n<\/table>\n<p><strong>Google Analytics<\/strong><\/p>\n<p>Unsere Websites verwenden Google Analytics, einen Webanalysedienst von Google, Inc. (\u201eGoogle\u201c). Google Analytics verwendet Cookies (Textdateien, die auf Ihrem Computer abgelegt werden), damit die Website-Betreiber analysieren k\u00f6nnen, wie Benutzer die Website nutzen. Die durch den Cookie erzeugten Informationen \u00fcber Ihre Nutzung der Website (einschlie\u00dflich Ihrer IP-Adresse) werden an Google in den USA \u00fcbertragen und auf diesen gespeichert. Google wird diese Informationen verwenden, um Ihre Nutzung der Website zu bewerten, Berichte \u00fcber Website-Aktivit\u00e4ten f\u00fcr Website-Betreiber zu erstellen und andere Dienste im Zusammenhang mit Website-Aktivit\u00e4ten und Internetnutzung bereitzustellen. Google kann diese Informationen auch an Dritte weitergeben, wenn dies gesetzlich vorgeschrieben ist oder wenn diese Dritten die Informationen im Auftrag von Google verarbeiten. Google wird Ihre IP-Adresse nicht mit anderen Daten von Google verkn\u00fcpfen. Durch die Nutzung dieser Website stimmen Sie der Verarbeitung von Daten \u00fcber Sie durch Google in der oben beschriebenen Weise und zu den oben genannten Zwecken zu.<\/p>\n<p><strong>VERWALTEN VON COOKIES DURCH KONFIGURIEREN DES BROWSERS<\/strong><\/p>\n<p>Einige Benutzer stimmen m\u00f6glicherweise nicht der Speicherung von Informationen zu, die durch Cookies von ihrem Computer gesammelt werden. Jeder Browser enth\u00e4lt detaillierte Anweisungen zu den Richtlinien f\u00fcr die Verwendung von Cookies.<\/p>\n<p>Wenn Sie keine Cookies erhalten m\u00f6chten, k\u00f6nnen Sie die Einstellungen Ihres Browsers so \u00e4ndern, dass Sie beim Senden von Cookies gewarnt werden, alle oder einige der von der Website verwendeten Cookies zu deaktivieren oder bereits von der Website installierte Cookies zu l\u00f6schen.<\/p>\n<p>Die meisten Funktionen der Website werden ohne die Verwendung von Cookies ausgef\u00fchrt. Wenn Sie jedoch Cookies deaktivieren, haben Sie keinen Zugriff auf bestimmte Dienste und Funktionen der Website.<\/p>\n<p>Auf den Seiten der Browser-Anbieter finden Sie detaillierte Anweisungen zum Festlegen Ihrer Datenschutzeinstellungen entsprechend dem verwendeten Browser:<\/p>\n<ul>\n<li>Mozilla Firefox:\u202fZustimmen und Ablehnen von Cookies<\/li>\n<li>Google Chrome:\u202fCookies und andere Website Daten Verwalten<\/li>\n<li>Safari 6\/7 (Mavericks): \u202fCookies und andere Website Daten Verwalten<\/li>\n<li>Safari 8 (Yosemite): \u202fCookies und andere Website Daten Verwalten<\/li>\n<li>Internet Explorer: \u202fZustimmen und Ablehnen von Cookies<\/li>\n<li>Opera:\u202fCookies<\/li>\n<li>Safari iOS (mobile):\u202fSafari Webeinstellungen auf IhremiPhone, iPad oderiPad Touch<\/li>\n<\/ul>\n<p>Wenn Sie weitere Informationen zu den Cookies der Website w\u00fcnschen, kontaktieren Sie uns bitte unter <a href=\"mailto:info@maritour.gr\">info@maritour.gr<\/a>.<\/p>\n<\/div>\n<\/div>\n<\/article>\n<\/div>\n<\/div>\n<\/div>\n","protected":false},"excerpt":{"rendered":"<p>MARITOUR S.A. informiert hiermit die Benutzer der Websites https:\/\/aquagrand.gr, https:\/\/aquamarerodos.gr und www.mariette.gr (im Folgenden \u201eWebsites\u201c) \u00fcber die Verwendung von Cookies \u00fcber die Websites. Diese Richtlinie gilt nur f\u00fcr die Websites http:\/\/aquagrand.gr\/, http:\/\/aquamarerodos.gr\/ und www.mariette.gr und nicht f\u00fcr andere Websites, die&hellip;<\/p>\n","protected":false},"author":1,"featured_media":0,"parent":0,"menu_order":0,"comment_status":"closed","ping_status":"closed","template":"kobo\/full.php","meta":{"_acf_changed":false,"footnotes":""},"class_list":["post-1815","page","type-page","status-publish","hentry","entry","no-media"],"acf":[],"aioseo_notices":[],"_links":{"self":[{"href":"https:\/\/www.aquagrand.gr\/de\/wp-json\/wp\/v2\/pages\/1815","targetHints":{"allow":["GET"]}}],"collection":[{"href":"https:\/\/www.aquagrand.gr\/de\/wp-json\/wp\/v2\/pages"}],"about":[{"href":"https:\/\/www.aquagrand.gr\/de\/wp-json\/wp\/v2\/types\/page"}],"author":[{"embeddable":true,"href":"https:\/\/www.aquagrand.gr\/de\/wp-json\/wp\/v2\/users\/1"}],"replies":[{"embeddable":true,"href":"https:\/\/www.aquagrand.gr\/de\/wp-json\/wp\/v2\/comments?post=1815"}],"version-history":[{"count":0,"href":"https:\/\/www.aquagrand.gr\/de\/wp-json\/wp\/v2\/pages\/1815\/revisions"}],"wp:attachment":[{"href":"https:\/\/www.aquagrand.gr\/de\/wp-json\/wp\/v2\/media?parent=1815"}],"curies":[{"name":"wp","href":"https:\/\/api.w.org\/{rel}","templated":true}]}}