{"id":1818,"date":"2021-02-18T20:49:52","date_gmt":"2021-02-18T18:49:52","guid":{"rendered":"https:\/\/www.aquagrand.gr\/weddings\/"},"modified":"2026-03-26T12:58:32","modified_gmt":"2026-03-26T10:58:32","slug":"weddings","status":"publish","type":"page","link":"https:\/\/www.aquagrand.gr\/de\/weddings\/","title":{"rendered":"Hochzeiten"},"content":{"rendered":"<p>Feiern Sie Ihre Hochzeit auf Rhodos im Aquagrand Artistic Luxury Beach Resort \u2013 einem 5-Sterne Adults-Only Strandresort in Lindos. Direkt an der Navarone Bay gelegen verbindet das Resort nat\u00fcrliche Sch\u00f6nheit, stilvolles Design und pers\u00f6nlichen Service zu einem eleganten Rahmen f\u00fcr Ihren besonderen Tag.<\/p>\n<p>Von intimen Zeremonien am Strand \u00fcber romantische Feiern in mediterranen G\u00e4rten bis hin zu stilvollen Empf\u00e4ngen mit Blick auf die \u00c4g\u00e4is wird jede Hochzeit im Aquagrand individuell gestaltet. Unser erfahrenes Wedding-Team begleitet Sie durch alle Schritte \u2013 von der ersten Anfrage bis zum letzten Moment Ihrer Feier.<\/p>\n<p>Mit Panoramablick auf das Meer, gepflegten Gartenanlagen und inspirierter K\u00fcche wird Ihre Hochzeit auf Rhodos zu mehr als einem Ereignis \u2013 sie wird zu einem Ausdruck Ihrer pers\u00f6nlichen Geschichte.<\/p>\n","protected":false},"excerpt":{"rendered":"<p>Feiern Sie Ihre Hochzeit auf Rhodos im Aquagrand Artistic Luxury Beach Resort \u2013 einem 5-Sterne Adults-Only Strandresort in Lindos. Direkt an der Navarone Bay gelegen verbindet das Resort nat\u00fcrliche Sch\u00f6nheit, stilvolles Design und pers\u00f6nlichen Service zu einem eleganten Rahmen f\u00fcr&hellip;<\/p>\n","protected":false},"author":1,"featured_media":0,"parent":0,"menu_order":0,"comment_status":"closed","ping_status":"closed","template":"kobo\/weddingsMain.php","meta":{"_acf_changed":false,"footnotes":""},"class_list":["post-1818","page","type-page","status-publish","hentry","entry","no-media"],"acf":[],"aioseo_notices":[],"_links":{"self":[{"href":"https:\/\/www.aquagrand.gr\/de\/wp-json\/wp\/v2\/pages\/1818","targetHints":{"allow":["GET"]}}],"collection":[{"href":"https:\/\/www.aquagrand.gr\/de\/wp-json\/wp\/v2\/pages"}],"about":[{"href":"https:\/\/www.aquagrand.gr\/de\/wp-json\/wp\/v2\/types\/page"}],"author":[{"embeddable":true,"href":"https:\/\/www.aquagrand.gr\/de\/wp-json\/wp\/v2\/users\/1"}],"replies":[{"embeddable":true,"href":"https:\/\/www.aquagrand.gr\/de\/wp-json\/wp\/v2\/comments?post=1818"}],"version-history":[{"count":0,"href":"https:\/\/www.aquagrand.gr\/de\/wp-json\/wp\/v2\/pages\/1818\/revisions"}],"wp:attachment":[{"href":"https:\/\/www.aquagrand.gr\/de\/wp-json\/wp\/v2\/media?parent=1818"}],"curies":[{"name":"wp","href":"https:\/\/api.w.org\/{rel}","templated":true}]}}