{"id":1820,"date":"2021-02-17T12:58:32","date_gmt":"2021-02-17T10:58:32","guid":{"rendered":"https:\/\/www.aquagrand.gr\/aqua-marine-wedding\/"},"modified":"2026-03-26T13:18:44","modified_gmt":"2026-03-26T11:18:44","slug":"aqua-marine-wedding","status":"publish","type":"page","link":"https:\/\/www.aquagrand.gr\/de\/aqua-marine-wedding\/","title":{"rendered":"AQUA MARINE HOCHZEIT"},"content":{"rendered":"<p>Feiern Sie Ihre Hochzeit auf Rhodos mit dem Aqua Marine Wedding Package im Aquagrand Artistic Luxury Beach Resort \u2013 einem 5-Sterne Adults-Only Strandresort in Lindos. Dieses Hochzeitspaket richtet sich an Paare, die eine Feier mit Stil, Ausdruck und besonderer Atmosph\u00e4re gestalten m\u00f6chten \u2013 mit einem Fokus auf \u00c4sthetik und fein abgestimmte Details.<\/p>\n<p>Geben Sie sich das Ja-Wort an unserem privaten Strand, unter dem eleganten Wedding Gazebo oder in mediterranen Gartenanlagen mit Blick auf die \u00c4g\u00e4is. Von der Zeremonie bis zum letzten Moment begleitet Sie unser erfahrenes Wedding-Team und sorgt daf\u00fcr, dass Ihre Hochzeit in Lindos harmonisch und reibungslos verl\u00e4uft \u2013 damit Sie sich ganz auf den Augenblick konzentrieren k\u00f6nnen.<\/p>\n<p>Wenn die Sonne \u00fcber der Navarone Bay untergeht, geht Ihre Feier in einen stilvollen Empfang \u00fcber \u2013 mit kuratierter K\u00fcche, Signature Cocktails und einer Atmosph\u00e4re, gepr\u00e4gt von Meerblick und warmem Abendlicht.<\/p>\n<p>Beginnen Sie mit der Planung Ihrer Destination Hochzeit auf Rhodos und kontaktieren Sie unser Team unter weddings@aquagrand.gr<\/p>\n","protected":false},"excerpt":{"rendered":"<p>Feiern Sie Ihre Hochzeit auf Rhodos mit dem Aqua Marine Wedding Package im Aquagrand Artistic Luxury Beach Resort \u2013 einem 5-Sterne Adults-Only Strandresort in Lindos. Dieses Hochzeitspaket richtet sich an Paare, die eine Feier mit Stil, Ausdruck und besonderer Atmosph\u00e4re&hellip;<\/p>\n","protected":false},"author":1,"featured_media":1821,"parent":0,"menu_order":0,"comment_status":"closed","ping_status":"closed","template":"kobo\/weddings.php","meta":{"_acf_changed":false,"footnotes":""},"class_list":["post-1820","page","type-page","status-publish","has-post-thumbnail","hentry","entry","has-media"],"acf":[],"aioseo_notices":[],"_links":{"self":[{"href":"https:\/\/www.aquagrand.gr\/de\/wp-json\/wp\/v2\/pages\/1820","targetHints":{"allow":["GET"]}}],"collection":[{"href":"https:\/\/www.aquagrand.gr\/de\/wp-json\/wp\/v2\/pages"}],"about":[{"href":"https:\/\/www.aquagrand.gr\/de\/wp-json\/wp\/v2\/types\/page"}],"author":[{"embeddable":true,"href":"https:\/\/www.aquagrand.gr\/de\/wp-json\/wp\/v2\/users\/1"}],"replies":[{"embeddable":true,"href":"https:\/\/www.aquagrand.gr\/de\/wp-json\/wp\/v2\/comments?post=1820"}],"version-history":[{"count":0,"href":"https:\/\/www.aquagrand.gr\/de\/wp-json\/wp\/v2\/pages\/1820\/revisions"}],"wp:featuredmedia":[{"embeddable":true,"href":"https:\/\/www.aquagrand.gr\/de\/wp-json\/wp\/v2\/media\/1821"}],"wp:attachment":[{"href":"https:\/\/www.aquagrand.gr\/de\/wp-json\/wp\/v2\/media?parent=1820"}],"curies":[{"name":"wp","href":"https:\/\/api.w.org\/{rel}","templated":true}]}}