{"id":1827,"date":"2021-02-04T09:53:05","date_gmt":"2021-02-04T07:53:05","guid":{"rendered":"https:\/\/www.aquagrand.gr\/experiences\/"},"modified":"2026-03-24T14:41:20","modified_gmt":"2026-03-24T12:41:20","slug":"experiences","status":"publish","type":"page","link":"https:\/\/www.aquagrand.gr\/de\/experiences\/","title":{"rendered":"Erlebnisse"},"content":{"rendered":"<p style=\"text-align: center;\">Im Aquagrand Artistic Luxury Beach Resort in Lindos auf Rhodos ist jedes Erlebnis darauf ausgerichtet, den Rhythmus der \u00c4g\u00e4is und die Essenz eines stilvollen Adults-Only Aufenthalts widerzuspiegeln.<\/p>\n<p style=\"text-align: center;\">Von privaten Segelausfl\u00fcgen und Weinverkostungen bis hin zu Spa-Ritualen, Yoga bei Sonnenaufgang und kulturellen Entdeckungen \u2013 jeder Moment verbindet Sie mit der Sch\u00f6nheit der Navarone Bay und dem kulturellen Erbe von Lindos.<\/p>\n<p style=\"text-align: center;\">Hier sind Erlebnisse mehr als Aktivit\u00e4ten.<\/p>\n<p style=\"text-align: center;\">Sie sind sorgf\u00e4ltig kuratierte Momente, in denen sich Kunst, Natur und Romantik vereinen \u2013 geschaffen, um Ihren Aufenthalt auf Rhodos \u00fcber das Gewohnte hinaus zu bereichern.<\/p>\n","protected":false},"excerpt":{"rendered":"<p>Im Aquagrand Artistic Luxury Beach Resort in Lindos auf Rhodos ist jedes Erlebnis darauf ausgerichtet, den Rhythmus der \u00c4g\u00e4is und die Essenz eines stilvollen Adults-Only Aufenthalts widerzuspiegeln. Von privaten Segelausfl\u00fcgen und Weinverkostungen bis hin zu Spa-Ritualen, Yoga bei Sonnenaufgang und&hellip;<\/p>\n","protected":false},"author":1,"featured_media":0,"parent":0,"menu_order":0,"comment_status":"closed","ping_status":"closed","template":"kobo\/experiences.php","meta":{"_acf_changed":false,"footnotes":""},"class_list":["post-1827","page","type-page","status-publish","hentry","entry","no-media"],"acf":[],"aioseo_notices":[],"_links":{"self":[{"href":"https:\/\/www.aquagrand.gr\/de\/wp-json\/wp\/v2\/pages\/1827","targetHints":{"allow":["GET"]}}],"collection":[{"href":"https:\/\/www.aquagrand.gr\/de\/wp-json\/wp\/v2\/pages"}],"about":[{"href":"https:\/\/www.aquagrand.gr\/de\/wp-json\/wp\/v2\/types\/page"}],"author":[{"embeddable":true,"href":"https:\/\/www.aquagrand.gr\/de\/wp-json\/wp\/v2\/users\/1"}],"replies":[{"embeddable":true,"href":"https:\/\/www.aquagrand.gr\/de\/wp-json\/wp\/v2\/comments?post=1827"}],"version-history":[{"count":0,"href":"https:\/\/www.aquagrand.gr\/de\/wp-json\/wp\/v2\/pages\/1827\/revisions"}],"wp:attachment":[{"href":"https:\/\/www.aquagrand.gr\/de\/wp-json\/wp\/v2\/media?parent=1827"}],"curies":[{"name":"wp","href":"https:\/\/api.w.org\/{rel}","templated":true}]}}