{"id":1834,"date":"2021-01-25T11:01:14","date_gmt":"2021-01-25T09:01:14","guid":{"rendered":"https:\/\/www.aquagrand.gr\/dining\/"},"modified":"2026-03-24T10:43:56","modified_gmt":"2026-03-24T08:43:56","slug":"dining","status":"publish","type":"page","link":"https:\/\/www.aquagrand.gr\/de\/dining\/","title":{"rendered":"Restaurants &#038; Bars"},"content":{"rendered":"<p style=\"text-align: center;\">Entdecken Sie die Restaurants und Bars im Aquagrand in Lindos auf Rhodos \u2013 ein Adults-Only (16+) Strandresort an der Navarone Bay, geschaffen f\u00fcr Paare.<\/p>\n<p style=\"text-align: center;\">Von sorgf\u00e4ltig zusammengestellten Buffets und raffinierten Degustationsmen\u00fcs bis hin zu asiatisch inspirierten Sunset-Konzepten und entspannten Mittagessen direkt am Meer ist jedes Restaurant durch klare kulinarische Konzepte, Blick auf die \u00c4g\u00e4is und einen konstant hohen Servicestandard gepr\u00e4gt.<\/p>\n","protected":false},"excerpt":{"rendered":"<p>Entdecken Sie die Restaurants und Bars im Aquagrand in Lindos auf Rhodos \u2013 ein Adults-Only (16+) Strandresort an der Navarone Bay, geschaffen f\u00fcr Paare. Von sorgf\u00e4ltig zusammengestellten Buffets und raffinierten Degustationsmen\u00fcs bis hin zu asiatisch inspirierten Sunset-Konzepten und entspannten Mittagessen&hellip;<\/p>\n","protected":false},"author":1,"featured_media":0,"parent":0,"menu_order":0,"comment_status":"closed","ping_status":"closed","template":"kobo\/dining.php","meta":{"_acf_changed":false,"footnotes":""},"class_list":["post-1834","page","type-page","status-publish","hentry","entry","no-media"],"acf":[],"aioseo_notices":[],"_links":{"self":[{"href":"https:\/\/www.aquagrand.gr\/de\/wp-json\/wp\/v2\/pages\/1834","targetHints":{"allow":["GET"]}}],"collection":[{"href":"https:\/\/www.aquagrand.gr\/de\/wp-json\/wp\/v2\/pages"}],"about":[{"href":"https:\/\/www.aquagrand.gr\/de\/wp-json\/wp\/v2\/types\/page"}],"author":[{"embeddable":true,"href":"https:\/\/www.aquagrand.gr\/de\/wp-json\/wp\/v2\/users\/1"}],"replies":[{"embeddable":true,"href":"https:\/\/www.aquagrand.gr\/de\/wp-json\/wp\/v2\/comments?post=1834"}],"version-history":[{"count":0,"href":"https:\/\/www.aquagrand.gr\/de\/wp-json\/wp\/v2\/pages\/1834\/revisions"}],"wp:attachment":[{"href":"https:\/\/www.aquagrand.gr\/de\/wp-json\/wp\/v2\/media?parent=1834"}],"curies":[{"name":"wp","href":"https:\/\/api.w.org\/{rel}","templated":true}]}}