{"id":1835,"date":"2021-01-19T09:13:53","date_gmt":"2021-01-19T07:13:53","guid":{"rendered":"https:\/\/www.aquagrand.gr\/accomodation\/"},"modified":"2026-03-04T15:22:28","modified_gmt":"2026-03-04T13:22:28","slug":"zimmer_suiten","status":"publish","type":"page","link":"https:\/\/www.aquagrand.gr\/de\/zimmer_suiten\/","title":{"rendered":"Zimmer &#038; Suiten"},"content":{"rendered":"<p style=\"text-align: center;\">Entdecken Sie die Zimmer und Suiten im Aquagrand, einem 5-Sterne Adults-Only (16+) Strandresort an der Navarone Bay in Lindos auf Rhodos.<\/p>\n<p style=\"text-align: center;\">W\u00e4hlen Sie aus 44\u2013170 m\u00b2 gro\u00dfen G\u00e4stezimmern, Junior Suiten und Maisonetten im Residence-Stil, darunter Zimmer mit Meerblick oder direkter Meerlage, Suiten mit Sharing-Pool Zugang sowie private Pool Suiten \u2013 geschaffen f\u00fcr Paare, die Privatsph\u00e4re, Komfort und die Ruhe der \u00c4g\u00e4is sch\u00e4tzen.<\/p>\n","protected":false},"excerpt":{"rendered":"<p>Entdecken Sie die Zimmer und Suiten im Aquagrand, einem 5-Sterne Adults-Only (16+) Strandresort an der Navarone Bay in Lindos auf Rhodos. W\u00e4hlen Sie aus 44\u2013170 m\u00b2 gro\u00dfen G\u00e4stezimmern, Junior Suiten und Maisonetten im Residence-Stil, darunter Zimmer mit Meerblick oder direkter&hellip;<\/p>\n","protected":false},"author":1,"featured_media":0,"parent":0,"menu_order":0,"comment_status":"closed","ping_status":"closed","template":"kobo\/rooms.php","meta":{"_acf_changed":false,"footnotes":""},"class_list":["post-1835","page","type-page","status-publish","hentry","entry","no-media"],"acf":[],"aioseo_notices":[],"_links":{"self":[{"href":"https:\/\/www.aquagrand.gr\/de\/wp-json\/wp\/v2\/pages\/1835","targetHints":{"allow":["GET"]}}],"collection":[{"href":"https:\/\/www.aquagrand.gr\/de\/wp-json\/wp\/v2\/pages"}],"about":[{"href":"https:\/\/www.aquagrand.gr\/de\/wp-json\/wp\/v2\/types\/page"}],"author":[{"embeddable":true,"href":"https:\/\/www.aquagrand.gr\/de\/wp-json\/wp\/v2\/users\/1"}],"replies":[{"embeddable":true,"href":"https:\/\/www.aquagrand.gr\/de\/wp-json\/wp\/v2\/comments?post=1835"}],"version-history":[{"count":0,"href":"https:\/\/www.aquagrand.gr\/de\/wp-json\/wp\/v2\/pages\/1835\/revisions"}],"wp:attachment":[{"href":"https:\/\/www.aquagrand.gr\/de\/wp-json\/wp\/v2\/media?parent=1835"}],"curies":[{"name":"wp","href":"https:\/\/api.w.org\/{rel}","templated":true}]}}