{"id":1836,"date":"2020-12-15T10:18:48","date_gmt":"2020-12-15T08:18:48","guid":{"rendered":"https:\/\/www.aquagrand.gr\/location\/"},"modified":"2026-03-24T14:26:32","modified_gmt":"2026-03-24T12:26:32","slug":"location","status":"publish","type":"page","link":"https:\/\/www.aquagrand.gr\/de\/location\/","title":{"rendered":"Strandlage"},"content":{"rendered":"<p>Direkt an einem 220 Meter langen privaten Strandabschnitt an der Navarone Bay gelegen, bietet das Aquagrand Artistic Luxury Beach Resort eine der bevorzugtesten Strandlagen in Lindos auf Rhodos.<br \/>\nMit Blick auf das kristallklare Wasser der \u00c4g\u00e4is verbindet unser Adults-Only Resort ungest\u00f6rte Meerblicke mit unmittelbarem Zugang zu Natur und Kultur.<\/p>\n<p>Nur 1,5 km entfernt l\u00e4dt das historische Dorf Lindos dazu ein, seine ikonische Akropolis, wei\u00df get\u00fcnchte Gassen, traditionelle Tavernen und die lebendige Sommeratmosph\u00e4re zu entdecken.<br \/>\nOb entspannte Tage am Meer, kulturelle Erkundungen oder stilvolle Abende \u2013 die Lage des Aquagrand vereint Strand, Geschichte und Eleganz auf harmonische Weise.<\/p>\n","protected":false},"excerpt":{"rendered":"<p>Direkt an einem 220 Meter langen privaten Strandabschnitt an der Navarone Bay gelegen, bietet das Aquagrand Artistic Luxury Beach Resort eine der bevorzugtesten Strandlagen in Lindos auf Rhodos. Mit Blick auf das kristallklare Wasser der \u00c4g\u00e4is verbindet unser Adults-Only Resort&hellip;<\/p>\n","protected":false},"author":1,"featured_media":0,"parent":0,"menu_order":0,"comment_status":"closed","ping_status":"closed","template":"kobo\/location.php","meta":{"_acf_changed":false,"footnotes":""},"class_list":["post-1836","page","type-page","status-publish","hentry","entry","no-media"],"acf":[],"aioseo_notices":[],"_links":{"self":[{"href":"https:\/\/www.aquagrand.gr\/de\/wp-json\/wp\/v2\/pages\/1836","targetHints":{"allow":["GET"]}}],"collection":[{"href":"https:\/\/www.aquagrand.gr\/de\/wp-json\/wp\/v2\/pages"}],"about":[{"href":"https:\/\/www.aquagrand.gr\/de\/wp-json\/wp\/v2\/types\/page"}],"author":[{"embeddable":true,"href":"https:\/\/www.aquagrand.gr\/de\/wp-json\/wp\/v2\/users\/1"}],"replies":[{"embeddable":true,"href":"https:\/\/www.aquagrand.gr\/de\/wp-json\/wp\/v2\/comments?post=1836"}],"version-history":[{"count":0,"href":"https:\/\/www.aquagrand.gr\/de\/wp-json\/wp\/v2\/pages\/1836\/revisions"}],"wp:attachment":[{"href":"https:\/\/www.aquagrand.gr\/de\/wp-json\/wp\/v2\/media?parent=1836"}],"curies":[{"name":"wp","href":"https:\/\/api.w.org\/{rel}","templated":true}]}}