{"id":1839,"date":"2020-12-14T21:13:49","date_gmt":"2020-12-14T19:13:49","guid":{"rendered":"https:\/\/www.aquagrand.gr\/privacy-policy\/"},"modified":"2021-05-10T14:02:08","modified_gmt":"2021-05-10T12:02:08","slug":"privacy-policy","status":"publish","type":"page","link":"https:\/\/www.aquagrand.gr\/de\/privacy-policy\/","title":{"rendered":"Datenschutzrichtlinien"},"content":{"rendered":"\r\n<p><strong>Datenschutzrichtlinien von MARITOUR S.A.<\/strong><\/p>\r\n<p>Diese Datenschutzrichtlinie regelt Ihre Nutzung von Websites und Diensten von MARITOUR SA, RHODES &#8211; GREECE, einer Gesellschaft nach griechischem Recht (\u201esoci\u00e9t\u00e9 anonyme\u201c) mit Sitz wie oben, im Folgenden \u201eUnternehmen\u201c, \u201ewir\u201c, \u201e unser \u201d,\u201c wir \u201d, zu seinem eigenen Vorteil und deren verbundenen Unternehmen sowie Hotel- und Resortimmobilien im Besitz von MARITOUR SA.<\/p>\r\n<p>&#8222;Wir&#8220; verpflichten uns, Ihre Privatsph\u00e4re zu sch\u00fctzen und zu respektieren.<\/p>\r\n<p>Diese Richtlinie (zusammen mit unseren Nutzungsbedingungen, der Cookie-Richtlinie und allen anderen darin genannten Dokumenten) legt die Grundlage fest, auf der alle personenbezogenen Daten, die wir von Ihnen sammeln oder die Sie uns zur Verf\u00fcgung stellen, von uns verarbeitet werden. Bitte lesen Sie die folgenden Informationen sorgf\u00e4ltig durch, um unsere Ansichten und Praktiken in Bezug auf Ihre pers\u00f6nlichen Daten und deren Behandlung zu verstehen.<\/p>\r\n<p>Durch das Akzeptieren unserer Datenschutzrichtlinien und Gesch\u00e4ftsbedingungen best\u00e4tigen Sie, dass Sie diese Datenschutzrichtlinie gelesen haben und damit einverstanden sind.<\/p>\r\n<p>Wir bieten diesen Datenschutz an, um Ihnen zu helfen, zu verstehen, was wir mit pers\u00f6nlichen Informationen tun k\u00f6nnen, die wir von Ihnen erhalten. Indem Sie uns Ihre pers\u00f6nlichen Daten zur Verf\u00fcgung stellen, erkl\u00e4ren Sie Ihr Einverst\u00e4ndnis mit unserer Datenschutzrichtlinie und erkl\u00e4ren sich damit einverstanden, dass wir Ihre pers\u00f6nlichen Daten wie in dieser Datenschutzrichtlinie beschrieben sammeln, verwenden und offenlegen. Wenn Sie dieser Mitteilung nicht zustimmen, geben Sie uns bitte nicht Ihre pers\u00f6nlichen Daten.<\/p>\r\n<p>Diese Bedingungen k\u00f6nnen jederzeit ganz oder teilweise ge\u00e4ndert, aktualisiert oder anderweitig ge\u00e4ndert werden. Die optionalen und obligatorischen personenbezogenen Daten, die Sie beim Aufrufen der Website oder bei der Registrierung f\u00fcr verschiedene Anwendungen im Zusammenhang mit von MARITOUR SA bereitgestellten Diensten und Produkten angeben m\u00fcssen, sowie alle zus\u00e4tzlichen personenbezogenen Daten, die in sp\u00e4teren Phasen angefordert werden, werden gesammelt, verarbeitet und \u00fcbertragen, gespeichert und verwendet von MARITOUR SA unter seiner Eigenschaft als Datenverantwortlicher f\u00fcr das Unternehmen und sein Hotel und seine verbundenen Unternehmen sowie von Dienstleistern, einschlie\u00dflich der nachstehend beschriebenen Datenverarbeiter und Dienstleister.<\/p>\r\n<p>Informationen, die wir \u00fcber Sie sammeln und wie wir sie sammeln.<\/p>\r\n<p><strong>1.1 Vom Benutzer bereitgestellte Informationen<\/strong><\/p>\r\n<p>Personenbezogene Daten sind Informationen \u00fcber eine identifizierbare Person im Sinne des geltenden Rechts, wie Name, E-Mail-Adresse und Telefonnummer usw.<\/p>\r\n<p>MARITOUR SA erh\u00e4lt die Informationen, die Sie bereitstellen, wenn Sie generell Ma\u00dfnahmen f\u00fcr Unterk\u00fcnfte in unserem Hotel ergreifen, Gesch\u00e4fte abwickeln, sich daf\u00fcr entscheiden, Nachrichten und Angebote von MARITOUR SA zu erhalten und Anwendungen im Zusammenhang mit unseren Dienstleistungen \u00fcber unsere Website, Reservierung und unser Callcenter zu verwenden , soziale Medien, wenn Sie uns diese anderweitig freiwillig zur Verf\u00fcgung stellen, auch im Zusammenhang mit unserem Treueprogramm und von unseren Tochtergesellschaften oder anderen Dritten. Beachten Sie beim Herunterladen und Registrieren einer solchen optionalen Anwendung, dass Sie einige der von den Anwendungen angebotenen Funktionen m\u00f6glicherweise nur nutzen k\u00f6nnen, wenn Sie sich registrieren. Wenn Sie sich registrieren oder unsere Websites und \/ oder eine Anwendung nutzen, m\u00fcssen Sie bestimmte personenbezogene Daten (wie Vor- und Nachname, E-Mail-Adresse, Passwort usw.) angeben, indem Sie die im Registrierungsformular als obligatorisch gekennzeichneten Felder ausf\u00fcllen auf der Anmeldeseite oder im Dokument.<\/p>\r\n<p>Sie werden auch gebeten, pers\u00f6nliche Daten f\u00fcr spezielle Zwecke anzugeben, z. B. bei einer Reservierung \u00fcber unser Call Center oder Hotel, w\u00e4hrend Ihres Aufenthalts in einem Hotel oder Resort usw., unter anderem<\/p>\r\n<ul>\r\n<li>Kontaktinformationen wie Name, Postanschrift, E-Mail-Adresse und Telefonnummer;<\/li>\r\n<li>Kreditkartennummer oder andere Zahlungskontonummer, Rechnungsadresse und andere Zahlungs- und Rechnungsinformationen (\u201eZahlungsinformationen\u201c);<\/li>\r\n<li>Informationen zu Mitgliedern des Rewardsloyalty-Programms, Online-Benutzerkontodaten, Profil- oder Passwortdetails sowie jegliche Zugeh\u00f6rigkeit zu Vielflieger- oder Reisepartnerprogrammen;<\/li>\r\n<li>Aufzeichnungen und Kopien Ihrer Korrespondenz, wenn Sie uns kontaktieren;<\/li>\r\n<li>Informationen, die zur Erf\u00fcllung von Sonderw\u00fcnschen erforderlich sind (z. B. Gesundheitszust\u00e4nde, die eine besondere Unterbringung erfordern);<\/li>\r\n<li>Informationen zum Gastaufenthalt, einschlie\u00dflich Ankunfts- und Abreisedatum sowie gekaufte Waren und Dienstleistungen;<\/li>\r\n<li>Informationen, die durch die Verwendung von Video\u00fcberwachungssystemen, Kartenschl\u00fcsseln und anderen Sicherheitssystemen gesammelt werden; und<\/li>\r\n<li>in manchen F\u00e4llen Informationen zum Kredit von Kunden.<\/li>\r\n<\/ul>\r\n<p>Wir k\u00f6nnen personenbezogene Daten aus verschiedenen Quellen sammeln, darunter:<\/p>\r\n<ul>\r\n<li>\u00fcber die Website;<\/li>\r\n<li>\u00fcber Reservierungs- und Callcenter;<\/li>\r\n<li>\u00fcber soziale Medien und Markenkan\u00e4le (z. B. Facebook, Twitter);<\/li>\r\n<li>von MARITOUR S.A.-Tochtergesellschaften und von lizenzierten Hotels, verbundenen Unternehmen oder anderen Dritten; oder<\/li>\r\n<li>wenn Sie es uns anderweitig freiwillig zur Verf\u00fcgung stellen, auch im Zusammenhang mit unserem Treueprogramm.<\/li>\r\n<\/ul>\r\n<p>Die Angabe Ihrer sensiblen pers\u00f6nlichen Daten ist optional und Sie k\u00f6nnen m\u00f6glicherweise weiterhin die Websites und \/ oder die Anwendungen und alle ihre Funktionen verwenden. Wir k\u00f6nnen die Informationen, die Sie uns zur Verf\u00fcgung gestellt haben, auch verwenden, um Sie von Zeit zu Zeit zu kontaktieren und Ihnen wichtige Informationen, erforderliche Mitteilungen und Marketingaktionen zur Verf\u00fcgung zu stellen, sofern Sie uns Ihre Zustimmung mit einer direkten Auswahl in einer relevanten spezifischen geben<\/p>\r\n<p>Bitte senden Sie uns eine E-Mail an info@maritour.gr.<\/p>\r\n<p>Durch die Annahme unserer Dienstleistungen und Produkte sowie die Nutzung unserer Websites und \/ oder unserer mit MARITOUR S.A. verbundenen Anwendungen erteilen Sie uns die ausdr\u00fcckliche Zustimmung, Ihre pers\u00f6nlichen Daten gem\u00e4\u00df den geltenden Gesetzen und diesem Vertrag zu sammeln, zu verarbeiten, zu verwenden und zu speichern.<\/p>\r\n<p><strong>1.2 Minderj\u00e4hrige.<\/strong><\/p>\r\n<p>Die Nutzung der Website und \/ oder unserer Anwendungen ist nicht f\u00fcr Minderj\u00e4hrige unter dem gesetzlichen Alter vorgesehen. Niemand unter dem gesetzlichen Alter darf personenbezogene Daten an oder \u00fcber unsere Website und \/ oder unsere Anwendungen weitergeben. Wir sammeln wissentlich keine personenbezogenen Daten von Minderj\u00e4hrigen. Wenn Sie unter dem gesetzlichen Alter sind, besuchen Sie bitte nicht unsere Websites, registrieren Sie sich nicht in unseren Anwendungen, nutzen Sie die oben genannten Informationen nicht und senden Sie uns keine Informationen \u00fcber sich selbst, einschlie\u00dflich Ihres Namens, Ihrer Adresse, Ihres Telefons Nummer oder E-Mail-Adresse. Falls wir feststellen, dass wir pers\u00f6nliche Daten von einem Minderj\u00e4hrigen ohne \u00dcberpr\u00fcfung der Zustimmung der Eltern gesammelt haben, werden diese Informationen nach Benachrichtigung der Eltern oder Erziehungsberechtigten des Minderj\u00e4hrigen gel\u00f6scht. Wenn Sie glauben, dass wir Informationen von oder \u00fcber Minderj\u00e4hrige haben k\u00f6nnten, kontaktieren Sie uns bitte unter dpo@maritour.gr.<\/p>\r\n<p>Im gesetzlich zul\u00e4ssigen H\u00f6chstma\u00df und ohne Einschr\u00e4nkung anderer Bestimmungen dieser Richtlinie lehnt MARITOUR S.A. jegliche Haftung f\u00fcr personenbezogene Daten ab, die unter Versto\u00df gegen diese Klausel \u00fcbermittelt werden.<\/p>\r\n<ol start=\"2\">\r\n<li><strong>Verwendungszwecke<\/strong><\/li>\r\n<\/ol>\r\n<p>Wir sammeln, verarbeiten, verwenden und speichern Ihre pers\u00f6nlichen Daten:<\/p>\r\n<p>Um Sie bei der Anmeldung auf unseren Websites, unserer Anwendung und Wi-Fi zu authentifizieren;<\/p>\r\n<p>Um Reservierungs- oder Informationsanfragen zu erf\u00fcllen und sich Ihre Pr\u00e4ferenzen und Registrierungsinformationen zu merken;<\/p>\r\n<p>F\u00fcr Mitgliedschaftsprogramme als Pr\u00e4mienprogramm<\/p>\r\n<p>Um Ihnen unsere Dienstleistungen anzubieten<\/p>\r\n<p>Um Daten f\u00fcr administrative und andere Kommunikationszwecke zu messen und zu erhalten und um die Effektivit\u00e4t unserer Dienste, unserer Websites und der Programme und Anwendungen zu betreiben und zu verbessern, wurden die Aktivit\u00e4ten von MARITOUR S.A.<\/p>\r\n<p>Um geltendes Recht einzuhalten;<\/p>\r\n<p>Unterst\u00fctzung von IT-Zwecken;<\/p>\r\n<p>Betriebsabl\u00e4ufe zu unterst\u00fctzen;<\/p>\r\n<p><strong>Datenaustausch und -\u00fcbertragung<\/strong><\/p>\r\n<p>3.1. Datenschutzrichtlinie und Datenverarbeitung: Ihre pers\u00f6nlichen Daten werden von MARITOUR S.A. ausschlie\u00dflich zum Zweck der Bereitstellung unserer Dienste f\u00fcr Sie gem\u00e4\u00df den geltenden Gesetzen gesammelt, archiviert und verarbeitet. Indem Sie die Bedingungen hiervon akzeptieren, erkl\u00e4ren Sie sich ausdr\u00fccklich damit einverstanden, dass MARITOUR SA Ihre personenbezogenen Daten an MARITOUR SA-Partner \u00fcbertr\u00e4gt, dh an dritte nat\u00fcrliche oder juristische Personen, die Ihnen Dienstleistungen in Kombination oder zus\u00e4tzlich zu ihren Dienstleistungen (speziell f\u00fcr Transportdienstleistungen) erbringen. interne oder externe Aktivit\u00e4ten, Besuche von Orten) und aus Gr\u00fcnden, die mit der besseren Erbringung von Dienstleistungen von MARITOUR SA f\u00fcr Sie verbunden sind.<\/p>\r\n<p>3.1.1. Wir geben Ihre Daten nur an Dritte weiter, wie in dieser Datenschutzrichtlinie beschrieben. Wir k\u00f6nnen personenbezogene Daten \u00fcber Sie au\u00dferhalb von MARITOUR S.A. weitergeben, wenn a) dies gesetzlich vorgeschrieben oder autorisiert ist; geb. c) Wenn Ihr Aufenthalt von einem Dritten bezahlt wurde, werden wir dem Zahler die Zahlungsinformationen zur Verf\u00fcgung stellen. d) wenn Sie geschuldete Betr\u00e4ge nicht bezahlt haben.<\/p>\r\n<p>3.1.2. Wir k\u00f6nnen vom Benutzer bereitgestellte und automatisch gesammelte Informationen offenlegen:<\/p>\r\n<p>Mit Regierungs- oder Strafverfolgungsbeh\u00f6rden, sofern dies nach geltendem Recht erforderlich ist, um einer gerichtlichen Anordnung oder einer anderen gesetzlichen Verpflichtung nachzukommen, oder auf eine Anfrage der Regierung zu antworten;<\/p>\r\n<p>Wenn wir nach Treu und Glauben der Ansicht sind, dass eine Offenlegung erforderlich ist, um unsere Rechte oder unser Eigentum zu sch\u00fctzen, Ihre Sicherheit oder die Sicherheit anderer zu sch\u00fctzen oder Diebstahl oder Betrug zu untersuchen;<\/p>\r\n<p>Mit Dienstleistern und Datencontrollern, die wir verwenden, um unsere Dienste auszuf\u00fchren und zu verbessern und unser Gesch\u00e4ft zu unterst\u00fctzen;<\/p>\r\n<p>F\u00fcr die Zwecke spezieller Programme gem\u00e4\u00df den spezifischeren Gesch\u00e4ftsbedingungen, wenn Sie sich f\u00fcr eine Teilnahme entscheiden.<\/p>\r\n<p>Mit unseren Lieferanten und Dritten f\u00fcr die Lieferung unserer Waren und Dienstleistungen an Sie, das Speichern und Verarbeiten von Daten oder das Versenden von E-Mails. Von diesen Dritten verlangen wir, Ihre pers\u00f6nlichen Daten mit angemessenen Sicherheitsma\u00dfnahmen zu sch\u00fctzen und ihre Verwendung nur auf die Zwecke zu beschr\u00e4nken, f\u00fcr die wir sie ihnen mitgeteilt haben. Diese Datenschutzrichtlinie beschreibt nicht die Erfassung, Verwendung oder Offenlegung von Informationen durch Dritte, an die Sie sich wenden, um Dienstleistungen im Zusammenhang mit unseren zu erhalten, f\u00fcr die Sie \u00fcber deren Datenschutzrichtlinien informieren m\u00fcssen.<\/p>\r\n<p>3.1.3. Die Website kann Links zu Websites Dritter enthalten, die von anderen Parteien als MARITOUR SA betrieben werden. Diese verlinkten Websites unterliegen nicht der Kontrolle von MARITOUR SA, und MARITOUR SA ist nicht f\u00fcr den Betrieb, den Inhalt, die Datenschutzpraktiken oder die Sicherheit solcher verlinkten Websites verantwortlich (oder ein Link auf einer verlinkten Seite). Sie sind daf\u00fcr verantwortlich, die auf diesen verlinkten Websites ver\u00f6ffentlichten Datenschutzerkl\u00e4rungen und Nutzungsbedingungen zu lesen und einzuhalten. Wir stellen solche Links nur als Annehmlichkeit zur Verf\u00fcgung, und die Aufnahme eines Links auf der Website bedeutet keine Billigung der verlinkten Website durch MARITOUR SA. Wenn Sie sich entscheiden, auf eine der mit dieser Website verkn\u00fcpften Websites von Drittanbietern zuzugreifen, tun Sie dies Dies geschieht auf eigenes Risiko und unterliegt den Nutzungsbedingungen und Datenschutzrichtlinien f\u00fcr solche Websites. Wenn Sie personenbezogene Daten \u00fcber eine solche Website eines Drittanbieters bereitstellen, werden Ihre personenbezogenen Daten gem\u00e4\u00df den Datenschutzbestimmungen dieses Drittanbieters behandelt. MARITOUR S.A. kann auch eine Partnerschaft mit einer begrenzten Anzahl von Internetanbietern eingehen, um unseren G\u00e4sten einen Internetzugang anzubieten. Ihre Nutzung des Internetdienstes vor Ort unterliegt den Nutzungsbedingungen und Datenschutzbestimmungen des Internetanbieters eines Drittanbieters. Sie k\u00f6nnen auf diese Bedingungen und Richtlinien \u00fcber die Links auf der Anmeldeseite des Dienstes oder \u00fcber die Website des Internetproviders zugreifen.<\/p>\r\n<p>3.2.1. Gesch\u00e4ftspartner: Wir k\u00f6nnen gemeinsam oder getrennt mit anderen Personen oder Unternehmen zusammenarbeiten, um Ihnen Produkte, Dienstleistungen oder Angebote anzubieten, die auf Ihren Erfahrungen in unseren Immobilien basieren, und Ihre Informationen entsprechend an unsere Gesch\u00e4ftspartner weitergeben. Zum Beispiel k\u00f6nnen wir helfen, nachdem wir von Ihnen gefragt und informiert wurden, unter anderem Mietwagen oder andere Transportmittel, externe Aktivit\u00e4ten, Besuche von Orten oder andere Dienstleistungen unserer Gesch\u00e4ftspartner f\u00fcr Sie zu arrangieren und pers\u00f6nliche Informationen weiterzugeben mit unseren Gesch\u00e4ftspartnern, um diese Dienstleistungen zu erbringen.<\/p>\r\n<p>Diese Lieferanten bieten ihre Dienstleistungen unabh\u00e4ngig an. Es wird klargestellt, dass ihre Dienstleistungen uns nicht betreffen und andere Hotels, Fluggesellschaften, Autovermieter, Dienstleister, Unternehmen, die Pauschalreisen oder Buchungen organisieren, umfassen k\u00f6nnen. Alle von Dritten erbrachten Leistungen sind auf diese Weise gekennzeichnet und beziehen sich nicht auf unsere eigenen Leistungen. Wir empfehlen Ihnen daher, die Datenschutzrichtlinien und -regeln f\u00fcr die Bereitstellung der Dinge und Dienstleistungen aller Drittanbieter zu lesen, deren Produkte oder Dienstleistungen Sie \u00fcber diese Website oder durch einen oder unsere Mitarbeiter erwerben. Beachten Sie, dass diese Dritten Sie m\u00f6glicherweise auch kontaktieren, wenn sie zus\u00e4tzliche Informationen \u00fcber die Bereitstellung ihrer Dienste oder die Beantwortung einer von Ihnen eingereichten Anfrage anfordern m\u00fcssen.<\/p>\r\n<p>Die Kommunikation erfolgt direkt mit ihnen und Ihnen. MARITOUR SA und seine verbundenen Unternehmen lehnen ausdr\u00fccklich jegliche Haftung ab, und der nicht akzeptierende Gast verzichtet hiermit auf jegliche Anspr\u00fcche, die gegen ihn wegen jeglicher Art von Verlust, Verletzung oder jeglicher Art von Sch\u00e4den geltend gemacht werden k\u00f6nnen, die sich aus den von den oben genannten unabh\u00e4ngigen Dienstleistern erbrachten Dienstleistungen ergeben Waren.<\/p>\r\n<p>3.2.2. Dienstleister: Wir verlassen uns auf Dritte, um Dienstleistungen und Produkte in unserem Namen bereitzustellen und gegebenenfalls Ihre pers\u00f6nlichen Daten mit ihnen zu teilen. Im Allgemeinen sind unsere Dienstleister gesetzlich verpflichtet, Ihre pers\u00f6nlichen Daten zu sch\u00fctzen, und d\u00fcrfen Ihre pers\u00f6nlichen Daten nur dann verwenden oder weitergeben, wenn dies gesetzlich vorgeschrieben ist. Wir k\u00f6nnen Ihre Informationen auch an Dienstanbieter und Dritte weitergeben, damit Sie Besuchsprogramme erstellen k\u00f6nnen, indem Sie Sehensw\u00fcrdigkeitenbesuche und andere Aktivit\u00e4ten aus den von uns f\u00fcr Sie konfigurierten Listen gem\u00e4\u00df Ihren Pr\u00e4ferenzen und Informationen von Drittanbietern ausw\u00e4hlen.<\/p>\r\n<p>3.2.3. Anbieter sozialer Netzwerke: Wenn Sie bestimmte Funktionen sozialer Medien \u00fcber unsere Website oder Apps nutzen, geben Sie Informationen an Ihren Anbieter sozialer Netzwerke (z. B. Facebook) weiter. Die von Ihnen freigegebenen Informationen unterliegen den Datenschutzbestimmungen ihrer eigenen Richtlinien (einschlie\u00dflich der M\u00f6glichkeit, Zugriff darauf zu haben) solche Informationen \u00fcber den Social-Media-Anbieter). M\u00f6glicherweise k\u00f6nnen Sie Ihre Datenschutzeinstellungen f\u00fcr diese Social-Media-Anbieter \u00e4ndern. Weitere Informationen finden Sie in den Datenschutzbestimmungen des jeweiligen Social Media-Anbieters.<\/p>\r\n<p>Soziale Netzwerke von Drittanbietern, die interaktive Aktivit\u00e4ten, Plug-Ins oder Funktionen f\u00fcr soziale Netzwerke bereitstellen (z. B. um eine Verbindung zu Facebook oder Google herzustellen, um Freunde zu finden, die als Verbindungen hinzugef\u00fcgt werden k\u00f6nnen, oder um eine Seite zu \u201eliken\u201c), verwenden m\u00f6glicherweise Cookies oder andere Methoden (z. B. Web Beacons), um Informationen \u00fcber Ihre Nutzung unserer Website und Apps zu sammeln. Die Verwendung dieser Informationen durch Dritte h\u00e4ngt von den Datenschutzbestimmungen ab, die auf der Website dieses sozialen Netzwerks verf\u00fcgbar sind. Wir empfehlen Ihnen, diese sorgf\u00e4ltig zu pr\u00fcfen. Diese Dritten k\u00f6nnen diese Cookies oder andere Tracking-Methoden f\u00fcr ihre eigenen Zwecke verwenden, indem sie Informationen \u00fcber Ihre Nutzung unserer Website mit Ihren pers\u00f6nlichen Informationen in Verbindung bringen. M\u00f6glicherweise erhalten wir auch Analyseinformationen von sozialen Netzwerken, mit denen wir die Effektivit\u00e4t unserer Inhalte und Anzeigen in sozialen Netzwerken messen k\u00f6nnen (z. B. Impressionen und Klicks).<\/p>\r\n<p><strong>Aufbewahrungszeitraum f\u00fcr Daten<\/strong><\/p>\r\n<p>Wir werden vom Benutzer bereitgestellte Daten so lange aufbewahren, wie Sie unsere Websites und \/ oder unsere Anwendung nutzen, und danach f\u00fcr einen angemessenen Zeitraum, um die oben genannten Zwecke zu erf\u00fcllen oder geltende Gesetze oder Verj\u00e4hrungsfristen oder Bestimmungen dieser Richtlinie einzuhalten. Wir speichern automatisch gesammelte Informationen bis zu 12 Monate und k\u00f6nnen sie anschlie\u00dfend in einer nicht identifizierbaren aggregierten Form speichern.<\/p>\r\n<p><strong>Sicherheit<\/strong><\/p>\r\n<p>Wir ergreifen geeignete technische und organisatorische Ma\u00dfnahmen, um Ihre personenbezogenen Daten angemessen vor unbefugtem und rechtswidrigem Zugriff und Verarbeitung oder vor versehentlichem Verlust, Zerst\u00f6rung, Besch\u00e4digung, Diebstahl, Verwendung oder Offenlegung zu sch\u00fctzen.<\/p>\r\n<p>Die Sicherheit Ihrer Daten h\u00e4ngt auch von Ihnen ab. Wenn wir Ihnen ein Passwort gegeben haben oder wenn Sie ein Passwort f\u00fcr den Zugriff auf Dienste \u00fcber unsere Websites und \/ oder unsere Anwendungen gew\u00e4hlt haben, sind Sie daf\u00fcr verantwortlich, dieses Passwort vertraulich zu behandeln. Wir bitten Sie, Ihr Passwort nicht an Dritte weiterzugeben.<\/p>\r\n<p>Wir bem\u00fchen uns, die sichere Nutzung unserer Websites oder unserer Anwendungen so umfassend wie m\u00f6glich zu gew\u00e4hrleisten. (Es ist wichtig zu beachten, dass jede E-Mail-Kommunikation nicht sicher ist. Dies ist ein Risiko, das mit der Verwendung von E-Mail verbunden ist. Bitte beachten Sie dies, wenn Sie Informationen anfordern oder Formulare per E-Mail an uns senden. Wir empfehlen dies Sie geben keine vertraulichen Informationen (dh Kreditkarteninformationen) an, wenn Sie E-Mails verwenden. Zu Ihrem Schutz enthalten unsere E-Mail-Antworten an Sie keine vertraulichen Informationen.<\/p>\r\n<p><strong>\u00c4nderungen der Datenschutzerkl\u00e4rung<\/strong><\/p>\r\n<p>Um unsere Dienstleistungen zu verbessern, ben\u00f6tigen wir m\u00f6glicherweise \u00c4nderungen dieser Datenschutzrichtlinie &#8211; z. durch die Implementierung neuer Technologien oder die Einf\u00fchrung neuer Funktionen und Dienste. Wir behalten uns das Recht vor, diese Datenschutzrichtlinie jederzeit zu \u00e4ndern, zu aktualisieren oder zu erg\u00e4nzen. . Es wird au\u00dferdem empfohlen, diese Datenschutzrichtlinie regelm\u00e4\u00dfig zu konsultieren, um \u00c4nderungen vorzunehmen. Wenn Sie unsere Dienste weiterhin akzeptieren und \/ oder die zugeh\u00f6rigen Anwendungen verwenden, nachdem wir ge\u00e4nderte Bedingungen ver\u00f6ffentlicht haben, erkl\u00e4ren Sie uns, dass Sie damit einverstanden sind, an die ge\u00e4nderten Bedingungen gebunden zu sein. Wenn Sie nicht einverstanden sind, an die ge\u00e4nderten Bedingungen gebunden zu sein, d\u00fcrfen Sie unsere Website oder Anwendungen nach solchen \u00c4nderungen nicht mehr verwenden.<\/p>\r\n<p><strong>Zust\u00e4ndigkeit<\/strong><\/p>\r\n<p>Es wird ausdr\u00fccklich vereinbart, dass die Gerichte von Rhodos, Griechenland, die das griechische Recht anwenden, ausschlie\u00dflich f\u00fcr die Beilegung von Streitigkeiten, Anspr\u00fcchen, Auslegungen oder Kontroversen zust\u00e4ndig sind, die sich aus den Bestimmungen dieser Datenschutzrichtlinie ergeben oder damit zusammenh\u00e4ngen.<\/p>\r\n<p><strong>Ihre Rechte<\/strong><\/p>\r\n<p>8.1 Nach geltendem Recht haben Sie das Recht, den Zugriff auf die von uns \u00fcber Sie gespeicherten personenbezogenen Daten zu beantragen, d.h. auf Ihre Anfrage hin zu informieren, ob Ihre personenbezogenen Daten einer Verarbeitung unterliegen, und weitere Informationen zu dieser Verarbeitung zu erhalten, einschlie\u00dflich Informationen zu eventuellen \u00dcbermittlungen von personenbezogenen Daten au\u00dferhalb der EU und die angemessenen oder geeigneten Schutzma\u00dfnahmen, die wir f\u00fcr eine solche \u00dcbermittlung getroffen haben. Solange die Anforderungen der geltenden Gesetzgebung erf\u00fcllt sind, k\u00f6nnen Sie auch die Korrektur ungenauer Informationen, die wir \u00fcber Sie haben, oder die L\u00f6schung derselben oder die Einschr\u00e4nkung der Verarbeitung Ihrer personenbezogenen Daten beantragen. Wenn eine solche Anfrage dazu f\u00fchrt, dass wir oder unsere verbundenen Unternehmen gegen ihre Verpflichtungen gem\u00e4\u00df den geltenden Gesetzen, Vorschriften oder Verhaltensregeln versto\u00dfen, k\u00f6nnen wir Ihrer Anfrage m\u00f6glicherweise nicht nachkommen, Sie k\u00f6nnen jedoch weiterhin verlangen, dass wir die Verwendung Ihrer Anfrage blockieren personenbezogene Daten zur Weiterverarbeitung. Unter bestimmten Umst\u00e4nden haben Sie m\u00f6glicherweise auch ein Recht auf Daten\u00fcbertragbarkeit auf einen anderen Datenverantwortlichen. Sie k\u00f6nnen Ihre Einwilligung jederzeit widerrufen. Der Widerruf Ihrer Einwilligung hat keinen Einfluss auf die Rechtm\u00e4\u00dfigkeit der Verarbeitung aufgrund der Einwilligung vor deren Widerruf. Sie k\u00f6nnen auch eine Beschwerde bei der zust\u00e4ndigen Datenschutzbeh\u00f6rde einreichen, wenn Sie der Meinung sind, dass die Verarbeitung gegen das Gesetz verst\u00f6\u00dft.<\/p>\r\n<p>8.2 Wenn Sie Ihre oben genannten Rechte aus\u00fcben m\u00f6chten oder Fragen oder Bedenken zu unserer Datenschutzrichtlinie haben, wenden Sie sich bitte an uns.<\/p>\r\n<p><strong>Ihre Zustimmung<\/strong><\/p>\r\n<p>Durch das Akzeptieren dieser Datenschutzrichtlinie erteilen Sie Ihre ausdr\u00fcckliche Zustimmung und akzeptieren die Verarbeitung und Verwendung Ihrer pers\u00f6nlichen Daten, wie dargelegt<\/p>\r\n<p>&nbsp;<\/p>\r\n<p>&nbsp;<\/p>\r\n<p>&nbsp;<\/p>\r\n","protected":false},"excerpt":{"rendered":"<p>Datenschutzrichtlinien von MARITOUR S.A. Diese Datenschutzrichtlinie regelt Ihre Nutzung von Websites und Diensten von MARITOUR SA, RHODES &#8211; GREECE, einer Gesellschaft nach griechischem Recht (\u201esoci\u00e9t\u00e9 anonyme\u201c) mit Sitz wie oben, im Folgenden \u201eUnternehmen\u201c, \u201ewir\u201c, \u201e unser \u201d,\u201c wir \u201d, zu&hellip;<\/p>\n","protected":false},"author":1,"featured_media":0,"parent":0,"menu_order":0,"comment_status":"closed","ping_status":"closed","template":"kobo\/full.php","meta":{"_acf_changed":false,"footnotes":""},"class_list":["post-1839","page","type-page","status-publish","hentry","entry","no-media"],"acf":[],"aioseo_notices":[],"_links":{"self":[{"href":"https:\/\/www.aquagrand.gr\/de\/wp-json\/wp\/v2\/pages\/1839","targetHints":{"allow":["GET"]}}],"collection":[{"href":"https:\/\/www.aquagrand.gr\/de\/wp-json\/wp\/v2\/pages"}],"about":[{"href":"https:\/\/www.aquagrand.gr\/de\/wp-json\/wp\/v2\/types\/page"}],"author":[{"embeddable":true,"href":"https:\/\/www.aquagrand.gr\/de\/wp-json\/wp\/v2\/users\/1"}],"replies":[{"embeddable":true,"href":"https:\/\/www.aquagrand.gr\/de\/wp-json\/wp\/v2\/comments?post=1839"}],"version-history":[{"count":0,"href":"https:\/\/www.aquagrand.gr\/de\/wp-json\/wp\/v2\/pages\/1839\/revisions"}],"wp:attachment":[{"href":"https:\/\/www.aquagrand.gr\/de\/wp-json\/wp\/v2\/media?parent=1839"}],"curies":[{"name":"wp","href":"https:\/\/api.w.org\/{rel}","templated":true}]}}