{"id":1843,"date":"2020-12-14T20:11:01","date_gmt":"2020-12-14T18:11:01","guid":{"rendered":"https:\/\/www.aquagrand.gr\/home\/"},"modified":"2026-03-04T15:12:26","modified_gmt":"2026-03-04T13:12:26","slug":"home","status":"publish","type":"page","link":"https:\/\/www.aquagrand.gr\/de\/","title":{"rendered":"Home"},"content":{"rendered":"<p>Das Aquagrand Artistic Luxury Beach Resort ist ein 5-Sterne Adults-Only Strandhotel in Lindos auf Rhodos, direkt an der K\u00fcste der Navarone Bay und nur wenige Minuten vom historischen Dorf Lindos entfernt. F\u00fcr Paare konzipiert, die Privatsph\u00e4re, Ruhe und stilvolles Wohnen am Meer sch\u00e4tzen, verbindet das Resort zeitgen\u00f6ssische griechische Kunst mit weiten Panoramablicken auf die \u00c4g\u00e4is.<\/p>\n<p>Von Suiten direkt am Meer und privaten Pools \u00fcber inspirierende kulinarische Konzepte und Sunset Bars bis hin zu ganzheitlichen Wellness-Ritualen ist jedes Detail darauf ausgerichtet, einen romantischen und zugleich dezent luxuri\u00f6sen R\u00fcckzugsort zu schaffen \u2013 einen Ort, an dem Kunst, Natur und gemeinsame Momente das Erlebnis pr\u00e4gen.<\/p>\n","protected":false},"excerpt":{"rendered":"<p>Das Aquagrand Artistic Luxury Beach Resort ist ein 5-Sterne Adults-Only Strandhotel in Lindos auf Rhodos, direkt an der K\u00fcste der Navarone Bay und nur wenige Minuten vom historischen Dorf Lindos entfernt. F\u00fcr Paare konzipiert, die Privatsph\u00e4re, Ruhe und stilvolles Wohnen&hellip;<\/p>\n","protected":false},"author":1,"featured_media":0,"parent":0,"menu_order":0,"comment_status":"closed","ping_status":"closed","template":"kobo\/home.php","meta":{"_acf_changed":false,"footnotes":""},"class_list":["post-1843","page","type-page","status-publish","hentry","entry","no-media"],"acf":[],"aioseo_notices":[],"_links":{"self":[{"href":"https:\/\/www.aquagrand.gr\/de\/wp-json\/wp\/v2\/pages\/1843","targetHints":{"allow":["GET"]}}],"collection":[{"href":"https:\/\/www.aquagrand.gr\/de\/wp-json\/wp\/v2\/pages"}],"about":[{"href":"https:\/\/www.aquagrand.gr\/de\/wp-json\/wp\/v2\/types\/page"}],"author":[{"embeddable":true,"href":"https:\/\/www.aquagrand.gr\/de\/wp-json\/wp\/v2\/users\/1"}],"replies":[{"embeddable":true,"href":"https:\/\/www.aquagrand.gr\/de\/wp-json\/wp\/v2\/comments?post=1843"}],"version-history":[{"count":0,"href":"https:\/\/www.aquagrand.gr\/de\/wp-json\/wp\/v2\/pages\/1843\/revisions"}],"wp:attachment":[{"href":"https:\/\/www.aquagrand.gr\/de\/wp-json\/wp\/v2\/media?parent=1843"}],"curies":[{"name":"wp","href":"https:\/\/api.w.org\/{rel}","templated":true}]}}