{"id":1681,"date":"2021-03-22T12:12:01","date_gmt":"2021-03-22T10:12:01","guid":{"rendered":"https:\/\/www.aquagrand.gr\/careers\/"},"modified":"2025-07-18T11:23:50","modified_gmt":"2025-07-18T09:23:50","slug":"careers","status":"publish","type":"page","link":"https:\/\/www.aquagrand.gr\/fr\/careers\/","title":{"rendered":"Carri\u00e8res"},"content":{"rendered":"<p>L&rsquo;Aquagrand Artistic Luxury Beach Resort pr\u00e9sente un environnement de travail agr\u00e9able et accueillant offrant la possibilit\u00e9 de promotion. Nous souhaitons joindre \u00e0 notre personnel des membres cr\u00e9atifs et dynamiques ayant l&rsquo;esprit d&rsquo;\u00e9quipe et l&rsquo;exp\u00e9rience de l&rsquo;hospitalit\u00e9 dans un \u00e9tablissement de luxe. Si vous pensez avoir les qualit\u00e9s correspondant aux exigences particuli\u00e8res de notre h\u00f4tel, nous serions ravis de recevoir votre C.V.<\/p>\n","protected":false},"excerpt":{"rendered":"<p>L&rsquo;Aquagrand Artistic Luxury Beach Resort pr\u00e9sente un environnement de travail agr\u00e9able et accueillant offrant la possibilit\u00e9 de promotion. Nous souhaitons joindre \u00e0 notre personnel des membres cr\u00e9atifs et dynamiques ayant l&rsquo;esprit d&rsquo;\u00e9quipe et l&rsquo;exp\u00e9rience de l&rsquo;hospitalit\u00e9 dans un \u00e9tablissement de&hellip;<\/p>\n","protected":false},"author":1,"featured_media":0,"parent":0,"menu_order":0,"comment_status":"closed","ping_status":"closed","template":"kobo\/careers.php","meta":{"_acf_changed":false,"footnotes":""},"class_list":["post-1681","page","type-page","status-publish","hentry","entry","no-media"],"acf":[],"aioseo_notices":[],"_links":{"self":[{"href":"https:\/\/www.aquagrand.gr\/fr\/wp-json\/wp\/v2\/pages\/1681","targetHints":{"allow":["GET"]}}],"collection":[{"href":"https:\/\/www.aquagrand.gr\/fr\/wp-json\/wp\/v2\/pages"}],"about":[{"href":"https:\/\/www.aquagrand.gr\/fr\/wp-json\/wp\/v2\/types\/page"}],"author":[{"embeddable":true,"href":"https:\/\/www.aquagrand.gr\/fr\/wp-json\/wp\/v2\/users\/1"}],"replies":[{"embeddable":true,"href":"https:\/\/www.aquagrand.gr\/fr\/wp-json\/wp\/v2\/comments?post=1681"}],"version-history":[{"count":0,"href":"https:\/\/www.aquagrand.gr\/fr\/wp-json\/wp\/v2\/pages\/1681\/revisions"}],"wp:attachment":[{"href":"https:\/\/www.aquagrand.gr\/fr\/wp-json\/wp\/v2\/media?parent=1681"}],"curies":[{"name":"wp","href":"https:\/\/api.w.org\/{rel}","templated":true}]}}