{"id":1683,"date":"2021-03-22T12:11:20","date_gmt":"2021-03-22T10:11:20","guid":{"rendered":"https:\/\/www.aquagrand.gr\/cookie-policy\/"},"modified":"2021-05-10T08:42:37","modified_gmt":"2021-05-10T06:42:37","slug":"cookie-policy","status":"publish","type":"page","link":"https:\/\/www.aquagrand.gr\/fr\/cookie-policy\/","title":{"rendered":"Politique de gestion des cookies"},"content":{"rendered":"<div class=\"uk-container uk-container-center\">\n<div id=\"tm-main\" class=\"uk-grid uk-margin-large-top\" data-uk-grid-match=\"\" data-uk-grid-margin=\"\">\n<div class=\"tm-main uk-width-large-1-1 uk-flex-order-last uk-row-first\">\n<p><strong>De MARITOUR S.A.<\/strong><\/p>\n<article class=\"uk-article tm-article \">\n<div class=\"tm-article-container \">\n<div id=\"policy\">\n<p>MARITOUR S.A. informe, par la pr\u00e9sente, les utilisateurs des sites Web https:\/\/aquagrand.gr, https:\/\/aquamarerodos.gr et www.mariette.gr (ci-apr\u00e8s les \u00ab sites Web \u00bb) de l&rsquo;utilisation des cookies par les sites Web.<\/p>\n<p>Cette politique s&rsquo;applique uniquement aux sites Internet http:\/\/aquagrand.gr\/, http:\/\/aquamarerodos.gr\/ et www.mariette.gr et \u00e0 aucun autre site Web que l&rsquo;utilisateur pourrait consulter ou auquel il pourrait acc\u00e9der par le biais de liens que les sites Web pourrait contenir.<\/p>\n<p>Les cookies sont des fichiers de texte contenant des ensembles d&rsquo;informations stock\u00e9es dans le r\u00e9pertoire du navigateur Web de l&rsquo;ordinateur ou de l&rsquo;appareil mobile d&rsquo;un utilisateur (p. ex., notebook, tablette, smartphone, etc.) chaque fois qu&rsquo;un site Web est consult\u00e9 en ligne via le navigateur. Chaque fois que ce site Web est consult\u00e9, le navigateur envoie ces cookies au site Web qui les a cr\u00e9\u00e9s ou \u00e0 un autre site Web. Les cookies permettent \u00e0 ces sites de m\u00e9moriser certaines informations afin que la personne qui visite le site Web puisse l&rsquo;explorer rapidement et facilement. Un cookie ne peut pas importer d\u2019autres donn\u00e9es provenant du disque dur de l\u2019utilisateur, ni transmettre des virus informatiques ou obtenir des adresses \u00e9lectroniques. Chaque cookie est unique au navigateur de l\u2019utilisateur.<\/p>\n<p>Des technologies similaires, comme par exemple des balises Web ou des GIF invisibles, peuvent \u00eatre utilis\u00e9es pour recueillir des informations sur le comportement d\u2019un utilisateur et son utilisation des services. Dans la pr\u00e9sente politique sur les cookies, toutes ces technologies seront rassembl\u00e9es sous le nom de \u00ab cookies \u00bb.<\/p>\n<p>Il existe diff\u00e9rents types de cookies, certains sont con\u00e7us pour optimiser l&rsquo;utilisation d&rsquo;un site et pour am\u00e9liorer la navigation de l&rsquo;utilisateur sur celui-ci, d&rsquo;autres permettant \u00e0 des fonctions particuli\u00e8res d&rsquo;op\u00e9rer.<\/p>\n<p>Vous trouverez davantage d&rsquo;informations concernant les cookies sur les sites URL suivants :<\/p>\n<p>http:\/\/www.allaboutcookies.org<\/p>\n<p>Nous ne recueillons aucune information sur les personnes, sauf dans le cas o\u00f9 elles sont sp\u00e9cifiquement et sciemment fournie par elles.<\/p>\n<p>Lorsque vous visitez nos sites Web, notre serveur Web recueille des informations de base telles que le nom de domaine de votre fournisseur de services Internet, les pages auxquelles vous avez acc\u00e9d\u00e9 sur notre site et le moment o\u00f9 vous l&rsquo;avez fait.<\/p>\n<p>Nous utilisons ces informations uniquement pour analyser l&rsquo;utilisation de notre site Web en vue d\u2019\u00e9ventuelles am\u00e9liorations \u00e0 apporter. Nous ne recueillons pas d&rsquo;informations d&rsquo;identification personnelle.<\/p>\n<p><strong>Cookies<\/strong><\/p>\n<p><strong>TYPES DE COOKIES UTILIS\u00c9S<\/strong><\/p>\n<p><strong>COOKIES TECHNIQUES<\/strong><\/p>\n<p>Les cookies techniques sont utilis\u00e9s pour faire fonctionner correctement certaines sections des SITES WEB. Le site Web utilise uniquement des cookies techniques, ceux qui sont \u00ab\u00a0strictement n\u00e9cessaires pour transmettre une communication ou fournir un service sp\u00e9cifique \u00e0 la demande d&rsquo;un abonn\u00e9 ou d&rsquo;un utilisateur\u00a0\u00bb (article 4, paragraphe 5, de la loi 3471\/2006).<\/p>\n<p>Ils peuvent \u00eatre divis\u00e9s en t\u00e9moins de navigateur et en t\u00e9moins volatils, ce qui garantit le fonctionnement correct du site Web :<\/p>\n<p>Les cookies d&rsquo;analyse, qui sont des cookies techniques lorsqu&rsquo;ils sont utilis\u00e9s pour mesurer et analyser le nombre total d&rsquo;utilisateurs et le comportement sur un site web particulier ;<\/p>\n<p>Les cookies de fonctionnalit\u00e9, qui permettent d&rsquo;adapter le site Web en fonction des diff\u00e9rents choix faits par l&rsquo;utilisateur (p. ex., la langue, etc\u2026), afin d&rsquo;am\u00e9liorer la qualit\u00e9 des services fournis.<\/p>\n<p>Aucun consentement pr\u00e9alable n&rsquo;est requis de la part des utilisateurs pour l&rsquo;installation de ces types de cookies, bien que l&rsquo;obligation de fournir des informations \u00e0 leur sujet subsiste, conform\u00e9ment \u00e0 l&rsquo;article 4, paragraphe 5, de la loi 3471\/2006.<\/p>\n<p>L&rsquo;acquisition et le traitement des donn\u00e9es obtenues par l&rsquo;utilisation de cookies techniques sont n\u00e9cessaires au bon fonctionnement du site Web. Si un utilisateur s&rsquo;oppose \u00e0 l&rsquo;utilisation de ces cookies techniques, il ne lui sera pas possible d&rsquo;acc\u00e9der au site Web et de le consulter correctement.<\/p>\n<p>Voici une liste des cookies techniques et analytiques utilis\u00e9s par le site Web :<\/p>\n<p>&nbsp;<\/p>\n<table class=\"table-bordered\">\n<tbody>\n<tr>\n<td>Cookie<\/td>\n<td>Name<\/td>\n<td>Purpose<\/td>\n<td>Retention Period<\/td>\n<td>More information<\/td>\n<\/tr>\n<tr>\n<td>wordpress_logged_in<br \/>\n_[hash]<\/td>\n<td>wordpress_logged_in<br \/>\n_[hash]<\/td>\n<td>indicates when<br \/>\nyou\u2019re logged in, and<br \/>\nwho you are, for<br \/>\nmost interface use<\/td>\n<td>Session<\/td>\n<td>https:\/\/codex.wordpress.org\/WordPr<br \/>\ness_Cookies#WordPress_.3E_3.0<\/td>\n<\/tr>\n<tr>\n<td>wordpress_test_cookie<\/td>\n<td>wordpress_test_cookie<\/td>\n<td>This is a test cookie and does not contain any user identifiable information<\/td>\n<td>Session<\/td>\n<td><\/td>\n<\/tr>\n<tr>\n<td>wp-settings-[user_id]<\/td>\n<td>wp-settings-[user_id]<\/td>\n<td>The number on the end is your individual user ID from the user\u2019s database table. This is used to customize your view of admin interface, and possibly also the main site interface.<\/td>\n<td>1 year<\/td>\n<td>https:\/\/codex.wordpress.org\/WordPr<br \/>\ness_Cookies#WordPress_.3E_3.0<\/td>\n<\/tr>\n<tr>\n<td>wp-settings-time-[user_id]<\/td>\n<td>wp-settings-time-[user_id]<\/td>\n<td>The number on the end is your individual user ID from the user\u2019s database table. This is used to customize your view of admin interface, and possibly also the main site interface.<\/td>\n<td>1 year<\/td>\n<td>https:\/\/codex.wordpress.org\/WordPr<br \/>\ness_Cookies#WordPress_.3E_3.0<\/td>\n<\/tr>\n<tr>\n<td>wordpress_sec_[hash]<\/td>\n<td>wordpress_sec_[hash]<\/td>\n<td>This cookie is used to store your authentication details. Its use is limited to the admin console area, \/wp-admin\/<\/td>\n<td>Session<\/td>\n<td>https:\/\/codex.wordpress.org\/WordPr<br \/>\ness_Cookies#WordPress_.3E_3.0<\/td>\n<\/tr>\n<tr>\n<td>wp-postpass_[hash]<\/td>\n<td>wp-postpass_[hash]<\/td>\n<td>This cookie is used to grant access to password protected areas of the site such as https:\/\/www.mitsishotels.com\/technical-details\/<\/td>\n<td>10 days<\/td>\n<td><\/td>\n<\/tr>\n<\/tbody>\n<\/table>\n<p>&nbsp;<\/p>\n<p>Outre les cookies techniques, la r\u00e8gle g\u00e9n\u00e9rale r\u00e9gissant l&rsquo;utilisation d&rsquo;un r\u00e9seau de communication \u00e9lectronique \u00ab pour acc\u00e9der \u00e0 des informations stock\u00e9es dans l&rsquo;\u00e9quipement terminal d&rsquo;un abonn\u00e9 ou d&rsquo;un utilisateur \u00bb est que le consentement pr\u00e9alable et avis\u00e9 doit \u00eatre donn\u00e9 par l&rsquo;utilisateur, c&rsquo;est-\u00e0-dire que pour l&rsquo;utilisateur, une adh\u00e9sion est pr\u00e9f\u00e9rable \u00e0 une renonciation.<\/p>\n<p>Cela signifie que tous les cookies qui ne peuvent pas \u00eatre qualifi\u00e9s clairement comme \u00ab techniques \u00bb, et qui pr\u00e9sentent des doutes quant \u00e0 la protection de la confidentialit\u00e9 de l&rsquo;utilisateur, par exemple ceux utilis\u00e9s pour fournir un profil de l&rsquo;utilisateur, ne peuvent pas \u00eatre install\u00e9s sur les terminaux des utilisateurs \u00e0 moins que l&rsquo;utilisateur n&rsquo;ait \u00e9t\u00e9 correctement inform\u00e9 \u00e0 l&rsquo;avance et n&rsquo;ait donn\u00e9 un consentement valide.<\/p>\n<p>Voici une liste des cookies de profil utilis\u00e9s par ce site Web :<\/p>\n<p>&nbsp;<\/p>\n<table class=\"table-bordered\">\n<tbody>\n<tr>\n<td>Cookie<\/td>\n<td>Name<\/td>\n<td>Purpose<\/td>\n<td>Retention Period<\/td>\n<td>More information<\/td>\n<\/tr>\n<tr>\n<td>_gat<\/td>\n<td>_gat<\/td>\n<td>This cookie does not store any user information, it\u2019s just used to limit the number of requests that have to be made to double click for publishers (dfp)<\/td>\n<td>1 minute<\/td>\n<td>https:\/\/developers.google.com\/an<br \/>\nalytics\/devguides\/collection\/analy<br \/>\nticsjs\/display-features<\/td>\n<\/tr>\n<tr>\n<td>_ga<\/td>\n<td>_ga<\/td>\n<td>In order for Google Analytics to determine that two distinct hits belong to the same user, a unique identifier, associated with that particular user, must be sent with each hit.<\/p>\n<p>&nbsp;<\/p>\n<p>The analytics.js library accomplishes this via the Client ID field, a unique, randomly generated string that gets stored in the browsers cookies, so subsequent visits to the same site can be associated with the same user.<\/p>\n<p>&nbsp;<\/p>\n<p>By default, analytics.js uses a single, first-party cookie named _ga to store the Client ID.<\/p>\n<p>&nbsp;<\/p>\n<p>Using cookies allows analytics.js to identify unique users across browsing sessions, but it cannot identify unique users across different browsers or devices.<\/td>\n<td>2 years<\/td>\n<td>https:\/\/developers.google.com\/an<br \/>\nalytics\/devguides\/collection\/analy<br \/>\nticsjs\/cookies-user-id<\/td>\n<\/tr>\n<tr>\n<td>_gid<\/td>\n<td>_gid<\/td>\n<td>These cookies store other randomly generated ids and campaign information about the user.<\/p>\n<p>&nbsp;<\/p>\n<p>Using cookies allows analytics.js to identify unique users across browsing sessions, but it cannot identify unique users across different browsers or devices.<\/td>\n<td>24 hours<\/td>\n<td>https:\/\/developers.google.com\/an<br \/>\nalytics\/devguides\/collection\/analy<br \/>\nticsjs\/cookies-user-id<\/td>\n<\/tr>\n<\/tbody>\n<\/table>\n<p><strong>SITES WEB TIERS<\/strong><\/p>\n<p>Lors de la navigation sur un site Web, l&rsquo;utilisateur peut recevoir des cookies de tierces parties.<\/p>\n<p>Les cookies tiers sont install\u00e9s par un site Web diff\u00e9rent de celui sur lequel l&rsquo;utilisateur navigue. C&rsquo;est parce que chaque site Web peut contenir des \u00e9l\u00e9ments (images, cartes, sons, liens sp\u00e9cifiques \u00e0 des pages Web concernant d&rsquo;autres domaines, etc.) qui sont sur des serveurs diff\u00e9rents de celui du site Web en cours de visualisation.<\/p>\n<p>Voici une liste des cookies tiers utilis\u00e9s par les sites Web :<\/p>\n<table class=\"table-bordered\">\n<tbody>\n<tr>\n<td>Cookie<\/td>\n<td>Name<\/td>\n<td>Purpose<\/td>\n<td>Retention Period<\/td>\n<td>More information<\/td>\n<\/tr>\n<tr>\n<td>PREF<\/td>\n<td>PREF<\/td>\n<td>Used by Google for Google Maps preferences<\/td>\n<td>8 months<\/td>\n<td>https:\/\/www.google.com\/policies\/privacy\/<\/td>\n<\/tr>\n<tr>\n<td>VISITOR_INFO1_LIVE<\/td>\n<td>VISITOR_INFO1_LIVE<\/td>\n<td>Used by YouTube (Google) for storing user preferences and other unspecified purposes<\/td>\n<td>8 months<\/td>\n<td>https:\/\/www.google.com\/policies\/privacy\/<\/td>\n<\/tr>\n<tr>\n<td>YSC<\/td>\n<td>YSC<\/td>\n<td>Used by YouTube (Google) for storing user preferences and other unspecified purposes<\/td>\n<td>Session<\/td>\n<td>https:\/\/www.google.com\/policies\/privacy\/<\/td>\n<\/tr>\n<\/tbody>\n<\/table>\n<p><strong>Google Analytics<\/strong><\/p>\n<p>Nos sites Web utilisent Google Analytics, un service d&rsquo;analyse Web fourni par Google, Inc. (\u00ab Google \u00bb). Google Analytics utilise des cookies (fichiers de texte plac\u00e9s sur votre ordinateur) pour aider les op\u00e9rateurs du site Web \u00e0 analyser le mode d\u2019utilisation du site par les utilisateurs. Les informations g\u00e9n\u00e9r\u00e9es par le cookie quant \u00e0 votre utilisation du site Web (y compris votre adresse IP) seront transmises et stock\u00e9es par Google sur des serveurs aux \u00c9tats-Unis. Google utilisera ces informations dans le but d&rsquo;\u00e9valuer votre utilisation du site Web, de compiler des rapports sur l&rsquo;activit\u00e9 du site pour les exploitants de site Web et de fournir d&rsquo;autres services relatifs \u00e0 l&rsquo;activit\u00e9 du site Web et \u00e0 l&rsquo;utilisation d&rsquo;Internet. Google peut \u00e9galement transf\u00e9rer ces informations \u00e0 des tiers lorsque la loi l&rsquo;exige, ou lorsque ces tierces parties traitent les informations pour le compte de Google. Google n&rsquo;associera pas votre adresse IP \u00e0 d&rsquo;autres donn\u00e9es d\u00e9tenues par Google. En utilisant ce site Web, vous consentez au traitement des donn\u00e9es vous concernant par Google de la mani\u00e8re et aux fins \u00e9nonc\u00e9es ci-dessus.<\/p>\n<p><strong>COMMENT G\u00c9RER LES COOKIES EN CONFIGURANT LE NAVIGATEUR<\/strong><\/p>\n<p>Certains utilisateurs peuvent ne pas consentir au stockage des informations recueillies par l&rsquo;interm\u00e9diaire de cookies par leur ordinateur. Chaque navigateur inclut des instructions d\u00e9taill\u00e9es concernant sa politique d&rsquo;utilisation des cookies.<\/p>\n<p>Si vous ne souhaitez pas recevoir de cookies, vous pouvez modifier les param\u00e8tres de votre navigateur afin d&rsquo;\u00eatre averti de l&rsquo;envoi de cookies, afin de pouvoir d\u00e9sactiver tout ou partie des cookies utilis\u00e9s par le site Web ou de supprimer les cookies d\u00e9j\u00e0 install\u00e9s par le site Web.<\/p>\n<p>La majorit\u00e9 des fonctions du site Web doivent fonctionner sans utiliser de cookies. Toutefois, si vous d\u00e9sactivez les cookies, vous n&rsquo;aurez pas acc\u00e8s \u00e0 certains services et fonctionnalit\u00e9s du site Web.<\/p>\n<p>Voici les pages des fournisseurs de navigateurs qui apportent des instructions d\u00e9taill\u00e9es sur la fa\u00e7on de d\u00e9finir vos pr\u00e9f\u00e9rences de confidentialit\u00e9 en fonction du navigateur utilis\u00e9 :<\/p>\n<ul>\n<li>Mozilla Firefox :\u202fActiver et d\u00e9sactiver les cookies<\/li>\n<li>Google Chrome :\u202fG\u00e9rer les cookies et autres donn\u00e9es de site Web<\/li>\n<li>Safari 6\/7 (Mavericks) :\u202fG\u00e9rer les cookies et autres donn\u00e9es de site Web<\/li>\n<li>Safari 8 (Yosemite) :\u202fG\u00e9rer les cookies et autres donn\u00e9es de site Web<\/li>\n<li>Internet Explorer :\u202fActiver et d\u00e9sactiver les cookies<\/li>\n<li>Op\u00e9ra :\u202fCookies<\/li>\n<li>Safari iOS (mobile) :\u202fR\u00e9glages web Safari sur votre iPhone, iPad ou tablette tactile<\/li>\n<\/ul>\n<p>Si vous d\u00e9sirez des compl\u00e9ments d&rsquo;informations sur les cookies du site Web, veuillez nous contacter \u00e0 <a href=\"mailto:info@maritour.gr\">info@maritour.gr<\/a>.<\/p>\n<\/div>\n<\/div>\n<\/article>\n<\/div>\n<\/div>\n<\/div>\n<div id=\"tm-block-footer\" class=\" uk-block-muted uk-block tm-block-footer-bg\">\n<div class=\"uk-container uk-container-center\">\n<section class=\" tm-block-footer uk-grid\" style=\"display: flex; flex-wrap: wrap; margin: 0px 0px 0px -30px; padding: 0px; list-style: none;\" data-uk-grid-match=\"{target:'&gt; div &gt; .uk-panel'}\" data-uk-grid-margin=\"\">\n<div class=\"uk-width-1-1 uk-row-first\">\n<div class=\"uk-panel uk-panel-header uk-text-center uk-container uk-container-center uk-width-large-6-10\"><\/div>\n<\/div>\n<\/section>\n<\/div>\n<\/div>\n","protected":false},"excerpt":{"rendered":"<p>De MARITOUR S.A. MARITOUR S.A. informe, par la pr\u00e9sente, les utilisateurs des sites Web https:\/\/aquagrand.gr, https:\/\/aquamarerodos.gr et www.mariette.gr (ci-apr\u00e8s les \u00ab sites Web \u00bb) de l&rsquo;utilisation des cookies par les sites Web. Cette politique s&rsquo;applique uniquement aux sites Internet http:\/\/aquagrand.gr\/,&hellip;<\/p>\n","protected":false},"author":1,"featured_media":0,"parent":0,"menu_order":0,"comment_status":"closed","ping_status":"closed","template":"kobo\/full.php","meta":{"_acf_changed":false,"footnotes":""},"class_list":["post-1683","page","type-page","status-publish","hentry","entry","no-media"],"acf":[],"aioseo_notices":[],"_links":{"self":[{"href":"https:\/\/www.aquagrand.gr\/fr\/wp-json\/wp\/v2\/pages\/1683","targetHints":{"allow":["GET"]}}],"collection":[{"href":"https:\/\/www.aquagrand.gr\/fr\/wp-json\/wp\/v2\/pages"}],"about":[{"href":"https:\/\/www.aquagrand.gr\/fr\/wp-json\/wp\/v2\/types\/page"}],"author":[{"embeddable":true,"href":"https:\/\/www.aquagrand.gr\/fr\/wp-json\/wp\/v2\/users\/1"}],"replies":[{"embeddable":true,"href":"https:\/\/www.aquagrand.gr\/fr\/wp-json\/wp\/v2\/comments?post=1683"}],"version-history":[{"count":0,"href":"https:\/\/www.aquagrand.gr\/fr\/wp-json\/wp\/v2\/pages\/1683\/revisions"}],"wp:attachment":[{"href":"https:\/\/www.aquagrand.gr\/fr\/wp-json\/wp\/v2\/media?parent=1683"}],"curies":[{"name":"wp","href":"https:\/\/api.w.org\/{rel}","templated":true}]}}