{"id":1686,"date":"2021-02-18T20:49:52","date_gmt":"2021-02-18T18:49:52","guid":{"rendered":"https:\/\/www.aquagrand.gr\/weddings\/"},"modified":"2026-03-31T12:01:15","modified_gmt":"2026-03-31T10:01:15","slug":"weddings","status":"publish","type":"page","link":"https:\/\/www.aquagrand.gr\/fr\/weddings\/","title":{"rendered":"MARIAGES"},"content":{"rendered":"<p>C\u00e9l\u00e9brez votre mariage \u00e0 Rhodes \u00e0 l\u2019Aquagrand Artistic Luxury Beach Resort, un lieu de mariage 5 \u00e9toiles en bord de mer, r\u00e9serv\u00e9 aux adultes, \u00e0 Lindos. Situ\u00e9 le long de la baie de Navarone, notre resort offre un cadre \u00e9l\u00e9gant o\u00f9 beaut\u00e9 naturelle, design raffin\u00e9 et service personnalis\u00e9 s\u2019harmonisent naturellement.<br \/>\nDes c\u00e9r\u00e9monies intimistes en bord de mer aux c\u00e9l\u00e9brations romantiques dans les jardins, en passant par des r\u00e9ceptions \u00e9l\u00e9gantes avec vue sur la mer \u00c9g\u00e9e, chaque mariage \u00e0 Lindos \u00e0 l\u2019Aquagrand est soigneusement organis\u00e9 pour refl\u00e9ter votre vision. Notre \u00e9quipe d\u00e9di\u00e9e vous accompagne \u00e0 chaque \u00e9tape, assurant une exp\u00e9rience fluide depuis la premi\u00e8re demande jusqu\u2019au dernier toast.<br \/>\nAvec des vues panoramiques sur la mer, des jardins m\u00e9diterran\u00e9ens et une cuisine inspir\u00e9e, votre mariage \u00e0 destination \u00e0 Rhodes devient plus qu\u2019un \u00e9v\u00e9nement. Il devient une expression vivante de votre histoire.<\/p>\n","protected":false},"excerpt":{"rendered":"<p>C\u00e9l\u00e9brez votre mariage \u00e0 Rhodes \u00e0 l\u2019Aquagrand Artistic Luxury Beach Resort, un lieu de mariage 5 \u00e9toiles en bord de mer, r\u00e9serv\u00e9 aux adultes, \u00e0 Lindos. Situ\u00e9 le long de la baie de Navarone, notre resort offre un cadre \u00e9l\u00e9gant&hellip;<\/p>\n","protected":false},"author":1,"featured_media":0,"parent":0,"menu_order":0,"comment_status":"closed","ping_status":"closed","template":"kobo\/weddingsMain.php","meta":{"_acf_changed":false,"footnotes":""},"class_list":["post-1686","page","type-page","status-publish","hentry","entry","no-media"],"acf":[],"aioseo_notices":[],"_links":{"self":[{"href":"https:\/\/www.aquagrand.gr\/fr\/wp-json\/wp\/v2\/pages\/1686","targetHints":{"allow":["GET"]}}],"collection":[{"href":"https:\/\/www.aquagrand.gr\/fr\/wp-json\/wp\/v2\/pages"}],"about":[{"href":"https:\/\/www.aquagrand.gr\/fr\/wp-json\/wp\/v2\/types\/page"}],"author":[{"embeddable":true,"href":"https:\/\/www.aquagrand.gr\/fr\/wp-json\/wp\/v2\/users\/1"}],"replies":[{"embeddable":true,"href":"https:\/\/www.aquagrand.gr\/fr\/wp-json\/wp\/v2\/comments?post=1686"}],"version-history":[{"count":0,"href":"https:\/\/www.aquagrand.gr\/fr\/wp-json\/wp\/v2\/pages\/1686\/revisions"}],"wp:attachment":[{"href":"https:\/\/www.aquagrand.gr\/fr\/wp-json\/wp\/v2\/media?parent=1686"}],"curies":[{"name":"wp","href":"https:\/\/api.w.org\/{rel}","templated":true}]}}