{"id":1688,"date":"2021-02-17T12:58:32","date_gmt":"2021-02-17T10:58:32","guid":{"rendered":"https:\/\/www.aquagrand.gr\/aqua-marine-wedding\/"},"modified":"2026-03-31T12:16:17","modified_gmt":"2026-03-31T10:16:17","slug":"aqua-marine-wedding","status":"publish","type":"page","link":"https:\/\/www.aquagrand.gr\/fr\/aqua-marine-wedding\/","title":{"rendered":"MARIAGE AQUA MARINE"},"content":{"rendered":"<p>C\u00e9l\u00e9brez votre mariage \u00e0 Rhodes avec le Aqua Marine Wedding Package \u00e0 l\u2019Aquagrand Artistic Luxury Beach Resort, un lieu de mariage 5 \u00e9toiles en bord de mer r\u00e9serv\u00e9 aux adultes \u00e0 Lindos. Con\u00e7u pour les couples qui envisagent une c\u00e9l\u00e9bration \u00e0 la fois raffin\u00e9e et expressive, ce forfait valorise chaque d\u00e9tail avec style et pr\u00e9cision.<br \/>\n\u00c9changez vos v\u0153ux sur notre plage priv\u00e9e, sous l\u2019\u00e9l\u00e9gant Wedding Gazebo, ou dans nos jardins m\u00e9diterran\u00e9ens paysagers avec vue sur la mer \u00c9g\u00e9e. De la c\u00e9r\u00e9monie \u00e0 la derni\u00e8re danse, notre \u00e9quipe d\u00e9di\u00e9e veille \u00e0 ce que votre mariage \u00e0 Lindos se d\u00e9roule avec fluidit\u00e9, vous permettant de vous concentrer pleinement sur le moment.<\/p>\n<p>Alors que le soleil se couche sur la baie de Navarone, poursuivez avec une r\u00e9ception \u00e9l\u00e9gante comprenant une cuisine soigneusement \u00e9labor\u00e9e, des cocktails signature et un cadre fa\u00e7onn\u00e9 par la vue sur la mer et la lumi\u00e8re du soir.<br \/>\nCommencez \u00e0 organiser votre mariage \u00e0 destination \u00e0 Rhodes en contactant notre \u00e9quipe \u00e0 weddings@aquagrand.gr<\/p>\n","protected":false},"excerpt":{"rendered":"<p>C\u00e9l\u00e9brez votre mariage \u00e0 Rhodes avec le Aqua Marine Wedding Package \u00e0 l\u2019Aquagrand Artistic Luxury Beach Resort, un lieu de mariage 5 \u00e9toiles en bord de mer r\u00e9serv\u00e9 aux adultes \u00e0 Lindos. Con\u00e7u pour les couples qui envisagent une c\u00e9l\u00e9bration&hellip;<\/p>\n","protected":false},"author":1,"featured_media":1476,"parent":0,"menu_order":0,"comment_status":"closed","ping_status":"closed","template":"kobo\/weddings.php","meta":{"_acf_changed":false,"footnotes":""},"class_list":["post-1688","page","type-page","status-publish","has-post-thumbnail","hentry","entry","has-media"],"acf":[],"aioseo_notices":[],"_links":{"self":[{"href":"https:\/\/www.aquagrand.gr\/fr\/wp-json\/wp\/v2\/pages\/1688","targetHints":{"allow":["GET"]}}],"collection":[{"href":"https:\/\/www.aquagrand.gr\/fr\/wp-json\/wp\/v2\/pages"}],"about":[{"href":"https:\/\/www.aquagrand.gr\/fr\/wp-json\/wp\/v2\/types\/page"}],"author":[{"embeddable":true,"href":"https:\/\/www.aquagrand.gr\/fr\/wp-json\/wp\/v2\/users\/1"}],"replies":[{"embeddable":true,"href":"https:\/\/www.aquagrand.gr\/fr\/wp-json\/wp\/v2\/comments?post=1688"}],"version-history":[{"count":0,"href":"https:\/\/www.aquagrand.gr\/fr\/wp-json\/wp\/v2\/pages\/1688\/revisions"}],"wp:featuredmedia":[{"embeddable":true,"href":"https:\/\/www.aquagrand.gr\/fr\/wp-json\/wp\/v2\/media\/1476"}],"wp:attachment":[{"href":"https:\/\/www.aquagrand.gr\/fr\/wp-json\/wp\/v2\/media?parent=1688"}],"curies":[{"name":"wp","href":"https:\/\/api.w.org\/{rel}","templated":true}]}}