{"id":1692,"date":"2021-02-04T09:53:05","date_gmt":"2021-02-04T07:53:05","guid":{"rendered":"https:\/\/www.aquagrand.gr\/experiences\/"},"modified":"2026-03-30T10:03:25","modified_gmt":"2026-03-30T08:03:25","slug":"experiences","status":"publish","type":"page","link":"https:\/\/www.aquagrand.gr\/fr\/experiences\/","title":{"rendered":"Exp\u00e9riences"},"content":{"rendered":"<p style=\"text-align: center;\">Au Aquagrand Artistic Luxury Beach Resort \u00e0 Lindos, Rhodes, chaque exp\u00e9rience est pens\u00e9e pour des s\u00e9jours adults-only (16+) empreints de raffinement.<\/p>\n<p style=\"text-align: center;\">Du bien-\u00eatre en bord de mer et des rituels spa aux d\u00e9gustations de vin, s\u00e9ances de yoga au lever du soleil, snorkeling, musique live et d\u00e9couvertes culturelles, chaque moment est con\u00e7u pour vous relier \u00e0 la beaut\u00e9 de la baie de Navarone et au patrimoine de Lindos.<\/p>\n<p style=\"text-align: center;\">Il ne s\u2019agit pas de simples activit\u00e9s.<\/p>\n<p style=\"text-align: center;\">Ce sont des exp\u00e9riences et services imagin\u00e9s autour de la discr\u00e9tion, du calme et d\u2019un lien direct avec le paysage de la mer \u00c9g\u00e9e.<\/p>\n","protected":false},"excerpt":{"rendered":"<p>Au Aquagrand Artistic Luxury Beach Resort \u00e0 Lindos, Rhodes, chaque exp\u00e9rience est pens\u00e9e pour des s\u00e9jours adults-only (16+) empreints de raffinement. Du bien-\u00eatre en bord de mer et des rituels spa aux d\u00e9gustations de vin, s\u00e9ances de yoga au lever&hellip;<\/p>\n","protected":false},"author":1,"featured_media":0,"parent":0,"menu_order":0,"comment_status":"closed","ping_status":"closed","template":"kobo\/experiences.php","meta":{"_acf_changed":false,"footnotes":""},"class_list":["post-1692","page","type-page","status-publish","hentry","entry","no-media"],"acf":[],"aioseo_notices":[],"_links":{"self":[{"href":"https:\/\/www.aquagrand.gr\/fr\/wp-json\/wp\/v2\/pages\/1692","targetHints":{"allow":["GET"]}}],"collection":[{"href":"https:\/\/www.aquagrand.gr\/fr\/wp-json\/wp\/v2\/pages"}],"about":[{"href":"https:\/\/www.aquagrand.gr\/fr\/wp-json\/wp\/v2\/types\/page"}],"author":[{"embeddable":true,"href":"https:\/\/www.aquagrand.gr\/fr\/wp-json\/wp\/v2\/users\/1"}],"replies":[{"embeddable":true,"href":"https:\/\/www.aquagrand.gr\/fr\/wp-json\/wp\/v2\/comments?post=1692"}],"version-history":[{"count":0,"href":"https:\/\/www.aquagrand.gr\/fr\/wp-json\/wp\/v2\/pages\/1692\/revisions"}],"wp:attachment":[{"href":"https:\/\/www.aquagrand.gr\/fr\/wp-json\/wp\/v2\/media?parent=1692"}],"curies":[{"name":"wp","href":"https:\/\/api.w.org\/{rel}","templated":true}]}}