{"id":1693,"date":"2021-01-30T11:29:12","date_gmt":"2021-01-30T09:29:12","guid":{"rendered":"https:\/\/www.aquagrand.gr\/aqua-pearl-wedding\/"},"modified":"2026-03-31T12:07:04","modified_gmt":"2026-03-31T10:07:04","slug":"aqua-pearl-wedding","status":"publish","type":"page","link":"https:\/\/www.aquagrand.gr\/fr\/aqua-pearl-wedding\/","title":{"rendered":"MARIAGE AQUA PEARL"},"content":{"rendered":"<p>C\u00e9l\u00e9brez votre mariage \u00e0 Rhodes avec le Aqua Pearl Wedding Package \u00e0 l\u2019Aquagrand Artistic Luxury Beach Resort, un lieu 5 \u00e9toiles en bord de mer r\u00e9serv\u00e9 aux adultes \u00e0 Lindos. Con\u00e7u pour les couples recherchant \u00e9l\u00e9gance et organisation fluide, ce forfait de mariage soigneusement \u00e9labor\u00e9 associe cadre romantique, planification personnalis\u00e9e et service cinq \u00e9toiles sans contrainte.<br \/>\nD\u00e8s votre premi\u00e8re demande jusqu\u2019\u00e0 votre arriv\u00e9e \u00e0 Lindos, votre coordinateur d\u00e9di\u00e9 veille \u00e0 ce que chaque d\u00e9tail soit organis\u00e9 avec soin. Profitez d\u2019un enregistrement priv\u00e9, d\u2019un verre de bienvenue \u00e0 l\u2019arriv\u00e9e et de services de conciergerie personnalis\u00e9s pour enrichir votre s\u00e9jour, incluant exp\u00e9riences s\u00e9lectionn\u00e9es, s\u00e9jours de lune de miel et excursions priv\u00e9es \u00e0 travers Rhodes.<br \/>\nCommencez \u00e0 organiser votre mariage \u00e0 destination \u00e0 Rhodes en contactant notre \u00e9quipe \u00e0 weddings@aquagrand.gr<\/p>\n","protected":false},"excerpt":{"rendered":"<p>C\u00e9l\u00e9brez votre mariage \u00e0 Rhodes avec le Aqua Pearl Wedding Package \u00e0 l\u2019Aquagrand Artistic Luxury Beach Resort, un lieu 5 \u00e9toiles en bord de mer r\u00e9serv\u00e9 aux adultes \u00e0 Lindos. Con\u00e7u pour les couples recherchant \u00e9l\u00e9gance et organisation fluide, ce&hellip;<\/p>\n","protected":false},"author":1,"featured_media":2942,"parent":0,"menu_order":0,"comment_status":"closed","ping_status":"closed","template":"kobo\/weddings.php","meta":{"_acf_changed":false,"footnotes":""},"class_list":["post-1693","page","type-page","status-publish","has-post-thumbnail","hentry","entry","has-media"],"acf":[],"aioseo_notices":[],"_links":{"self":[{"href":"https:\/\/www.aquagrand.gr\/fr\/wp-json\/wp\/v2\/pages\/1693","targetHints":{"allow":["GET"]}}],"collection":[{"href":"https:\/\/www.aquagrand.gr\/fr\/wp-json\/wp\/v2\/pages"}],"about":[{"href":"https:\/\/www.aquagrand.gr\/fr\/wp-json\/wp\/v2\/types\/page"}],"author":[{"embeddable":true,"href":"https:\/\/www.aquagrand.gr\/fr\/wp-json\/wp\/v2\/users\/1"}],"replies":[{"embeddable":true,"href":"https:\/\/www.aquagrand.gr\/fr\/wp-json\/wp\/v2\/comments?post=1693"}],"version-history":[{"count":0,"href":"https:\/\/www.aquagrand.gr\/fr\/wp-json\/wp\/v2\/pages\/1693\/revisions"}],"wp:featuredmedia":[{"embeddable":true,"href":"https:\/\/www.aquagrand.gr\/fr\/wp-json\/wp\/v2\/media\/2942"}],"wp:attachment":[{"href":"https:\/\/www.aquagrand.gr\/fr\/wp-json\/wp\/v2\/media?parent=1693"}],"curies":[{"name":"wp","href":"https:\/\/api.w.org\/{rel}","templated":true}]}}