{"id":1695,"date":"2021-01-25T11:01:14","date_gmt":"2021-01-25T09:01:14","guid":{"rendered":"https:\/\/www.aquagrand.gr\/dining\/"},"modified":"2026-03-27T12:44:09","modified_gmt":"2026-03-27T10:44:09","slug":"dining","status":"publish","type":"page","link":"https:\/\/www.aquagrand.gr\/fr\/dining\/","title":{"rendered":"Dining"},"content":{"rendered":"<p style=\"text-align: center;\">D\u00e9couvrez les restaurants et bars de l\u2019Aquagrand \u00e0 Lindos, Rhodes, un resort adults-only (16+) en bord de mer sur la baie de Navarone, pens\u00e9 pour les couples.<\/p>\n<p style=\"text-align: center;\">Du buffet soigneusement \u00e9labor\u00e9 aux menus d\u00e9gustation raffin\u00e9s, en passant par le restaurant Blue Fin et les d\u00e9jeuners d\u00e9contract\u00e9s en bord de mer, chaque espace repose sur des concepts culinaires clairs, des vues sur la mer et un service constant.<\/p>\n","protected":false},"excerpt":{"rendered":"<p>D\u00e9couvrez les restaurants et bars de l\u2019Aquagrand \u00e0 Lindos, Rhodes, un resort adults-only (16+) en bord de mer sur la baie de Navarone, pens\u00e9 pour les couples. Du buffet soigneusement \u00e9labor\u00e9 aux menus d\u00e9gustation raffin\u00e9s, en passant par le restaurant&hellip;<\/p>\n","protected":false},"author":1,"featured_media":0,"parent":0,"menu_order":0,"comment_status":"closed","ping_status":"closed","template":"kobo\/dining.php","meta":{"_acf_changed":false,"footnotes":""},"class_list":["post-1695","page","type-page","status-publish","hentry","entry","no-media"],"acf":[],"aioseo_notices":[],"_links":{"self":[{"href":"https:\/\/www.aquagrand.gr\/fr\/wp-json\/wp\/v2\/pages\/1695","targetHints":{"allow":["GET"]}}],"collection":[{"href":"https:\/\/www.aquagrand.gr\/fr\/wp-json\/wp\/v2\/pages"}],"about":[{"href":"https:\/\/www.aquagrand.gr\/fr\/wp-json\/wp\/v2\/types\/page"}],"author":[{"embeddable":true,"href":"https:\/\/www.aquagrand.gr\/fr\/wp-json\/wp\/v2\/users\/1"}],"replies":[{"embeddable":true,"href":"https:\/\/www.aquagrand.gr\/fr\/wp-json\/wp\/v2\/comments?post=1695"}],"version-history":[{"count":0,"href":"https:\/\/www.aquagrand.gr\/fr\/wp-json\/wp\/v2\/pages\/1695\/revisions"}],"wp:attachment":[{"href":"https:\/\/www.aquagrand.gr\/fr\/wp-json\/wp\/v2\/media?parent=1695"}],"curies":[{"name":"wp","href":"https:\/\/api.w.org\/{rel}","templated":true}]}}