{"id":1697,"date":"2020-12-15T10:18:48","date_gmt":"2020-12-15T08:18:48","guid":{"rendered":"https:\/\/www.aquagrand.gr\/location\/"},"modified":"2026-03-27T15:25:45","modified_gmt":"2026-03-27T13:25:45","slug":"location","status":"publish","type":"page","link":"https:\/\/www.aquagrand.gr\/fr\/location\/","title":{"rendered":"EMPLACEMENT"},"content":{"rendered":"<p>Situ\u00e9 directement sur la plage, cet h\u00f4tel luxueux offrant une vue imprenable sur le bleu intense de la mer \u00c9g\u00e9e se trouve \u00e0 seulement quelques minutes du c\u00e9l\u00e8bre<\/p>\n<p>Situ\u00e9 sur la baie de Navarone, l\u2019Aquagrand Artistic Luxury Beach Resort b\u00e9n\u00e9ficie d\u2019un emplacement exceptionnel en bord de mer \u00e0 Lindos, Rhodes, avec 220 m\u00e8tres de plage directement en face du resort et une vue d\u00e9gag\u00e9e sur la mer \u00c9g\u00e9e.<\/p>\n<p>Con\u00e7u pour des s\u00e9jours adults-only (16+), notre environnement associe s\u00e9r\u00e9nit\u00e9 en bord de mer et acc\u00e8s imm\u00e9diat aux sites les plus embl\u00e9matiques de Rhodes.<\/p>\n<p>Le village de Lindos et son Acropole se trouvent \u00e0 environ 1,3 km, permettant de combiner facilement journ\u00e9es paisibles \u00e0 la plage, d\u00e9couvertes culturelles, promenades au coucher du soleil et soir\u00e9es \u00e9l\u00e9gantes face \u00e0 la baie.<\/p>\n","protected":false},"excerpt":{"rendered":"<p>Situ\u00e9 directement sur la plage, cet h\u00f4tel luxueux offrant une vue imprenable sur le bleu intense de la mer \u00c9g\u00e9e se trouve \u00e0 seulement quelques minutes du c\u00e9l\u00e8bre Situ\u00e9 sur la baie de Navarone, l\u2019Aquagrand Artistic Luxury Beach Resort b\u00e9n\u00e9ficie&hellip;<\/p>\n","protected":false},"author":1,"featured_media":0,"parent":0,"menu_order":0,"comment_status":"closed","ping_status":"closed","template":"kobo\/location.php","meta":{"_acf_changed":false,"footnotes":""},"class_list":["post-1697","page","type-page","status-publish","hentry","entry","no-media"],"acf":[],"aioseo_notices":[],"_links":{"self":[{"href":"https:\/\/www.aquagrand.gr\/fr\/wp-json\/wp\/v2\/pages\/1697","targetHints":{"allow":["GET"]}}],"collection":[{"href":"https:\/\/www.aquagrand.gr\/fr\/wp-json\/wp\/v2\/pages"}],"about":[{"href":"https:\/\/www.aquagrand.gr\/fr\/wp-json\/wp\/v2\/types\/page"}],"author":[{"embeddable":true,"href":"https:\/\/www.aquagrand.gr\/fr\/wp-json\/wp\/v2\/users\/1"}],"replies":[{"embeddable":true,"href":"https:\/\/www.aquagrand.gr\/fr\/wp-json\/wp\/v2\/comments?post=1697"}],"version-history":[{"count":0,"href":"https:\/\/www.aquagrand.gr\/fr\/wp-json\/wp\/v2\/pages\/1697\/revisions"}],"wp:attachment":[{"href":"https:\/\/www.aquagrand.gr\/fr\/wp-json\/wp\/v2\/media?parent=1697"}],"curies":[{"name":"wp","href":"https:\/\/api.w.org\/{rel}","templated":true}]}}