{"id":1703,"date":"2020-12-14T20:11:01","date_gmt":"2020-12-14T18:11:01","guid":{"rendered":"https:\/\/www.aquagrand.gr\/home\/"},"modified":"2026-03-27T09:14:53","modified_gmt":"2026-03-27T07:14:53","slug":"home","status":"publish","type":"page","link":"https:\/\/www.aquagrand.gr\/fr\/","title":{"rendered":"Home"},"content":{"rendered":"<p>L\u2019Aquagrand Artistic Luxury Beach Resort est un h\u00f4tel 5 \u00e9toiles r\u00e9serv\u00e9 aux adultes, situ\u00e9 en bord de mer \u00e0 Lindos, Rhodes, directement sur les rives de la baie de Navarone, \u00e0 quelques minutes du village historique.<br \/>\nCon\u00e7u pour les couples en qu\u00eate de calme, d\u2019intimit\u00e9 et d\u2019\u00e9l\u00e9gance, le resort allie art contemporain grec et vues panoramiques sur la mer \u00c9g\u00e9e.<br \/>\nDes suites en front de mer et piscines priv\u00e9es aux exp\u00e9riences culinaires immersives, bars au coucher du soleil et rituels bien-\u00eatre, chaque d\u00e9tail est pens\u00e9 pour offrir une escapade romantique o\u00f9 nature, art et \u00e9motion s\u2019unissent avec harmonie.<\/p>\n","protected":false},"excerpt":{"rendered":"<p>L\u2019Aquagrand Artistic Luxury Beach Resort est un h\u00f4tel 5 \u00e9toiles r\u00e9serv\u00e9 aux adultes, situ\u00e9 en bord de mer \u00e0 Lindos, Rhodes, directement sur les rives de la baie de Navarone, \u00e0 quelques minutes du village historique. Con\u00e7u pour les couples&hellip;<\/p>\n","protected":false},"author":1,"featured_media":0,"parent":0,"menu_order":0,"comment_status":"closed","ping_status":"closed","template":"kobo\/home.php","meta":{"_acf_changed":false,"footnotes":""},"class_list":["post-1703","page","type-page","status-publish","hentry","entry","no-media"],"acf":[],"aioseo_notices":[],"_links":{"self":[{"href":"https:\/\/www.aquagrand.gr\/fr\/wp-json\/wp\/v2\/pages\/1703","targetHints":{"allow":["GET"]}}],"collection":[{"href":"https:\/\/www.aquagrand.gr\/fr\/wp-json\/wp\/v2\/pages"}],"about":[{"href":"https:\/\/www.aquagrand.gr\/fr\/wp-json\/wp\/v2\/types\/page"}],"author":[{"embeddable":true,"href":"https:\/\/www.aquagrand.gr\/fr\/wp-json\/wp\/v2\/users\/1"}],"replies":[{"embeddable":true,"href":"https:\/\/www.aquagrand.gr\/fr\/wp-json\/wp\/v2\/comments?post=1703"}],"version-history":[{"count":0,"href":"https:\/\/www.aquagrand.gr\/fr\/wp-json\/wp\/v2\/pages\/1703\/revisions"}],"wp:attachment":[{"href":"https:\/\/www.aquagrand.gr\/fr\/wp-json\/wp\/v2\/media?parent=1703"}],"curies":[{"name":"wp","href":"https:\/\/api.w.org\/{rel}","templated":true}]}}